{"id":74,"date":"2023-04-28T10:40:59","date_gmt":"2023-04-28T08:40:59","guid":{"rendered":"https:\/\/i3v.citm.upc.edu\/?page_id=74"},"modified":"2025-11-26T12:53:02","modified_gmt":"2025-11-26T10:53:02","slug":"participacio","status":"publish","type":"page","link":"https:\/\/i3v.citm.upc.edu\/?page_id=74&lang=es","title":{"rendered":"Participaci\u00f3n"},"content":{"rendered":"\n<p>Se aceptan propuestas tanto procedentes de la industria como de la academia. Debe indicarse claramente en el texto del apartado de resumen (abstract) si se trata de una contribuci\u00f3n proveniente de industria o academia. Los trabajos pueden estar redactados en catal\u00e1n, castellano o ingl\u00e9s. Para idiomas distintos del ingl\u00e9s, habr\u00e1 que incluir el apartado de resumen tambi\u00e9n en ingl\u00e9s (ambos idiomas). El formato de cualquier env\u00edo es siempre en PDF, independientemente del formato de la plantilla utilizada.<\/p>\n\n\n\n<p>Las contribuciones aceptadas ser\u00e1n incluidas en el libro de actas, publicado por <a href=\"https:\/\/upcommons.upc.edu\/congressos?locale-attribute=es\">UPCommons<\/a> (indexado en Google Scholar). V\u00e9ase a continuaci\u00f3n el apartado de \u201cProceso de env\u00edo de contribuciones\u201d para ver los detalles de para participar en el simposio como autor y ponente.<\/p>\n\n\n\n<p><strong>Plantilla de trabajo:<\/strong><\/p>\n\n\n\n<p>Para la redacci\u00f3n de los documentos, es necesario utilizar la plantilla de actos de congreso (proceedings) de los Lecture Notes in Computer Science (LNCS) de Springer. Se pueden encontrar las instrucciones y enlaces de descarga de las plantillas en formato Word y LaTEx <a href=\"https:\/\/www.springer.com\/gp\/computer-science\/lncs\/conference-proceedings-guidelines\">aqu\u00ed<\/a> (ver cuadro inferior \u201cImportando downloads\u201d).<\/p>\n\n\n\n<p><strong>Sistema de env\u00edo de las contribuciones:<\/strong><\/p>\n\n\n\n<p>El proceso de envio de trabajos se realiza a trav\u00e9s de la plataforma Easychair. Pulsar <a href=\"https:\/\/easychair.org\/conferences\/?conf=i3v2025\" target=\"_blank\" rel=\"noreferrer noopener\"><strong>AQU\u00cd<\/strong><\/a>.<\/p>\n\n\n\n<p><strong>Registro de autores:<\/strong><\/p>\n\n\n\n<p><em>C\u00f3mo llevar a cabo el proceso de confirmaci\u00f3n y registro se publicar\u00e1 m\u00e1s adelante.<\/em><\/p>\n\n\n\n<p><strong>Proceso de env\u00edo de contribuciones:<\/strong><\/p>\n\n\n\n<p>El proceso de redacci\u00f3n y revisi\u00f3n de las contribuciones se llevar\u00e1 a cabo en tres etapas.<\/p>\n\n\n\n<p><strong>Primero<\/strong>, se pide a los autores que entreguen un documento tipo resumen (abstract) con su propuesta de trabajo y presentaci\u00f3n en el simposio (ver fecha clave \u201cEnv\u00edo del resumen\u201d).<\/p>\n\n\n\n<p>Debe indicarse claramente en el texto si se trata de una contribuci\u00f3n proveniente de industria o academia. El documento debe seguir la plantilla establecida, pero solo es necesario incluir el t\u00edtulo, el apartado del resumen y las palabras clave, sin necesidad de referencia alguna. Para garantizar el anonimato de la revisi\u00f3n por pares, omitir a los autores y afiliaci\u00f3n. Tama\u00f1o aproximado, 500 palabras.<\/p>\n\n\n\n<p>Estos res\u00famenes ser\u00e1n revisados por el comit\u00e9 cient\u00edfico (ver fecha clave \u201cAviso de aceptaci\u00f3n del resumen\u201d).<\/p>\n\n\n\n<p><strong>Segundo<\/strong>, a partir de este proceso de revisi\u00f3n, aquellas contribuciones aceptadas est\u00e1n invitadas a ser presentadas durante el simposio.<\/p>\n\n\n\n<p>Entonces, se invita los autores a, opcionalmente, desarrollar su resumen en forma de&nbsp;extended&nbsp;abstract&nbsp;para ser publicados a las actas del simposio (ve\u00e1is fecha clave \u201cEnv\u00edo del&nbsp;extended&nbsp;abstract\u201d). Su medida recomendada tiene que ser entre 1500-2000 palabras, y un l\u00edmite estricto entre 2-5 p\u00e1ginas. Hay que incluir el nombre y afiliaci\u00f3n de los autores.<\/p>\n\n\n\n<p><a href=\"https:\/\/www.allconferencealert.com\/blog\/difference-between-abstract-and-extended-abstract\/\" data-type=\"link\" data-id=\"https:\/\/www.allconferencealert.com\/blog\/difference-between-abstract-and-extended-abstract\/\">Cu\u00e1l es la diferencia entre un&nbsp;abstract&nbsp;y un&nbsp;extended&nbsp;abstract?<\/a><\/p>\n\n\n\n<p>La naturaleza y estructura del documento puede variar dependiente de su naturaleza, proveniente de industria o academia. En el primer caso, se espera un formado tipo informe t\u00e9cnico, basado en la experiencia propia, y relacionado con las \u00e1reas tem\u00e1ticas del simposio. En el segundo caso, se esperan estudios, sean cualitativos o cuantitativos, siempre de acuerdo con los est\u00e1ndares de redacci\u00f3n cient\u00edfica.<\/p>\n\n\n\n<p>Estos&nbsp;extended&nbsp;abstracts&nbsp;ser\u00e1n enviados y revisados de manera r\u00e1pida, solo para garantizar que siguen el formato esperado y ofrecer una peque\u00f1a retroalimentaci\u00f3n, o propuestas de mejora, en la redacci\u00f3n.<\/p>\n\n\n\n<p>A pesar de que este acontecimiento no requiere ning\u00fan registro de pago por parte de todos los asistentes (es gratuito), s\u00ed que har\u00e1 falta que los autores de trabajos aceptados confirmen la asistencia con antelaci\u00f3n una vez librada su trabajo. Una vez un trabajo sea aceptado, desde la organizaci\u00f3n se avisar\u00e1 a los autores de c\u00f3mo hacerlo.<\/p>\n","protected":false},"excerpt":{"rendered":"<p>Se aceptan propuestas tanto procedentes de la industria como de la academia. Debe indicarse claramente en el texto del apartado de resumen (abstract) si se trata de una contribuci\u00f3n proveniente de industria o academia. Los trabajos pueden estar redactados en catal\u00e1n, castellano o ingl\u00e9s. Para idiomas distintos del ingl\u00e9s, habr\u00e1 que incluir el apartado de &#8230; <a title=\"Participaci\u00f3n\" class=\"read-more\" href=\"https:\/\/i3v.citm.upc.edu\/?page_id=74&#038;lang=es\" aria-label=\"M\u00e9s informaci\u00f3 sobre Participaci\u00f3n\">Read more<\/a><\/p>\n","protected":false},"author":1,"featured_media":0,"parent":0,"menu_order":0,"comment_status":"closed","ping_status":"closed","template":"","meta":{"footnotes":""},"class_list":["post-74","page","type-page","status-publish"],"yoast_head":"<!-- This site is optimized with the Yoast SEO plugin v26.4 - https:\/\/yoast.com\/wordpress\/plugins\/seo\/ -->\n<title>Participaci\u00f3n - I3V 2025<\/title>\n<meta name=\"description\" content=\"Segundo Simposio sobre Investigaci\u00f3n en la Industria Indie de los Videojuegos - I3V 2025 - Organizado por CITM-UPC y DiCode, tendr\u00e1 lugar el 12 de diciembre de 2025.\" \/>\n<meta name=\"robots\" content=\"index, follow, max-snippet:-1, max-image-preview:large, max-video-preview:-1\" \/>\n<link rel=\"canonical\" href=\"https:\/\/i3v.citm.upc.edu\/?page_id=74&lang=es\" \/>\n<meta property=\"og:locale\" content=\"ca_ES\" \/>\n<meta property=\"og:type\" content=\"article\" \/>\n<meta property=\"og:title\" content=\"Participaci\u00f3n - I3V 2025\" \/>\n<meta property=\"og:description\" content=\"Segundo Simposio sobre Investigaci\u00f3n en la Industria Indie de los Videojuegos - I3V 2025 - Organizado por CITM-UPC y DiCode, tendr\u00e1 lugar el 12 de diciembre de 2025.\" \/>\n<meta property=\"og:url\" content=\"https:\/\/i3v.citm.upc.edu\/?page_id=74&amp;lang=es\" \/>\n<meta property=\"og:site_name\" content=\"I3V 2025\" \/>\n<meta property=\"article:modified_time\" content=\"2025-11-26T10:53:02+00:00\" \/>\n<meta name=\"twitter:card\" content=\"summary_large_image\" \/>\n<meta name=\"twitter:label1\" content=\"Temps estimat de lectura\" \/>\n\t<meta name=\"twitter:data1\" content=\"4 minuts\" \/>\n<script type=\"application\/ld+json\" class=\"yoast-schema-graph\">{\"@context\":\"https:\/\/schema.org\",\"@graph\":[{\"@type\":\"WebPage\",\"@id\":\"https:\/\/i3v.citm.upc.edu\/?page_id=74&lang=es\",\"url\":\"https:\/\/i3v.citm.upc.edu\/?page_id=74&lang=es\",\"name\":\"Participaci\u00f3n - I3V 2025\",\"isPartOf\":{\"@id\":\"https:\/\/i3v.citm.upc.edu\/#website\"},\"datePublished\":\"2023-04-28T08:40:59+00:00\",\"dateModified\":\"2025-11-26T10:53:02+00:00\",\"description\":\"Segundo Simposio sobre Investigaci\u00f3n en la Industria Indie de los Videojuegos - I3V 2025 - Organizado por CITM-UPC y DiCode, tendr\u00e1 lugar el 12 de diciembre de 2025.\",\"breadcrumb\":{\"@id\":\"https:\/\/i3v.citm.upc.edu\/?page_id=74&lang=es#breadcrumb\"},\"inLanguage\":\"ca\",\"potentialAction\":[{\"@type\":\"ReadAction\",\"target\":[\"https:\/\/i3v.citm.upc.edu\/?page_id=74&lang=es\"]}]},{\"@type\":\"BreadcrumbList\",\"@id\":\"https:\/\/i3v.citm.upc.edu\/?page_id=74&lang=es#breadcrumb\",\"itemListElement\":[{\"@type\":\"ListItem\",\"position\":1,\"name\":\"Inici\",\"item\":\"https:\/\/i3v.citm.upc.edu\/\"},{\"@type\":\"ListItem\",\"position\":2,\"name\":\"Participaci\u00f3n\"}]},{\"@type\":\"WebSite\",\"@id\":\"https:\/\/i3v.citm.upc.edu\/#website\",\"url\":\"https:\/\/i3v.citm.upc.edu\/\",\"name\":\"I3V 2025\",\"description\":\"I3V 2025 \u2013 2n Simposi sobre Investigaci\u00f3 a la Ind\u00fastria Indie del Videojoc\",\"publisher\":{\"@id\":\"https:\/\/i3v.citm.upc.edu\/#organization\"},\"potentialAction\":[{\"@type\":\"SearchAction\",\"target\":{\"@type\":\"EntryPoint\",\"urlTemplate\":\"https:\/\/i3v.citm.upc.edu\/?s={search_term_string}\"},\"query-input\":{\"@type\":\"PropertyValueSpecification\",\"valueRequired\":true,\"valueName\":\"search_term_string\"}}],\"inLanguage\":\"ca\"},{\"@type\":\"Organization\",\"@id\":\"https:\/\/i3v.citm.upc.edu\/#organization\",\"name\":\"I3V 2025\",\"url\":\"https:\/\/i3v.citm.upc.edu\/\",\"logo\":{\"@type\":\"ImageObject\",\"inLanguage\":\"ca\",\"@id\":\"https:\/\/i3v.citm.upc.edu\/#\/schema\/logo\/image\/\",\"url\":\"https:\/\/i3v.citm.upc.edu\/wp-content\/uploads\/2025\/11\/img-i3v-1.png\",\"contentUrl\":\"https:\/\/i3v.citm.upc.edu\/wp-content\/uploads\/2025\/11\/img-i3v-1.png\",\"width\":983,\"height\":495,\"caption\":\"I3V 2025\"},\"image\":{\"@id\":\"https:\/\/i3v.citm.upc.edu\/#\/schema\/logo\/image\/\"}}]}<\/script>\n<!-- \/ Yoast SEO plugin. -->","yoast_head_json":{"title":"Participaci\u00f3n - I3V 2025","description":"Segundo Simposio sobre Investigaci\u00f3n en la Industria Indie de los Videojuegos - I3V 2025 - Organizado por CITM-UPC y DiCode, tendr\u00e1 lugar el 12 de diciembre de 2025.","robots":{"index":"index","follow":"follow","max-snippet":"max-snippet:-1","max-image-preview":"max-image-preview:large","max-video-preview":"max-video-preview:-1"},"canonical":"https:\/\/i3v.citm.upc.edu\/?page_id=74&lang=es","og_locale":"ca_ES","og_type":"article","og_title":"Participaci\u00f3n - I3V 2025","og_description":"Segundo Simposio sobre Investigaci\u00f3n en la Industria Indie de los Videojuegos - I3V 2025 - Organizado por CITM-UPC y DiCode, tendr\u00e1 lugar el 12 de diciembre de 2025.","og_url":"https:\/\/i3v.citm.upc.edu\/?page_id=74&lang=es","og_site_name":"I3V 2025","article_modified_time":"2025-11-26T10:53:02+00:00","twitter_card":"summary_large_image","twitter_misc":{"Temps estimat de lectura":"4 minuts"},"schema":{"@context":"https:\/\/schema.org","@graph":[{"@type":"WebPage","@id":"https:\/\/i3v.citm.upc.edu\/?page_id=74&lang=es","url":"https:\/\/i3v.citm.upc.edu\/?page_id=74&lang=es","name":"Participaci\u00f3n - I3V 2025","isPartOf":{"@id":"https:\/\/i3v.citm.upc.edu\/#website"},"datePublished":"2023-04-28T08:40:59+00:00","dateModified":"2025-11-26T10:53:02+00:00","description":"Segundo Simposio sobre Investigaci\u00f3n en la Industria Indie de los Videojuegos - I3V 2025 - Organizado por CITM-UPC y DiCode, tendr\u00e1 lugar el 12 de diciembre de 2025.","breadcrumb":{"@id":"https:\/\/i3v.citm.upc.edu\/?page_id=74&lang=es#breadcrumb"},"inLanguage":"ca","potentialAction":[{"@type":"ReadAction","target":["https:\/\/i3v.citm.upc.edu\/?page_id=74&lang=es"]}]},{"@type":"BreadcrumbList","@id":"https:\/\/i3v.citm.upc.edu\/?page_id=74&lang=es#breadcrumb","itemListElement":[{"@type":"ListItem","position":1,"name":"Inici","item":"https:\/\/i3v.citm.upc.edu\/"},{"@type":"ListItem","position":2,"name":"Participaci\u00f3n"}]},{"@type":"WebSite","@id":"https:\/\/i3v.citm.upc.edu\/#website","url":"https:\/\/i3v.citm.upc.edu\/","name":"I3V 2025","description":"I3V 2025 \u2013 2n Simposi sobre Investigaci\u00f3 a la Ind\u00fastria Indie del Videojoc","publisher":{"@id":"https:\/\/i3v.citm.upc.edu\/#organization"},"potentialAction":[{"@type":"SearchAction","target":{"@type":"EntryPoint","urlTemplate":"https:\/\/i3v.citm.upc.edu\/?s={search_term_string}"},"query-input":{"@type":"PropertyValueSpecification","valueRequired":true,"valueName":"search_term_string"}}],"inLanguage":"ca"},{"@type":"Organization","@id":"https:\/\/i3v.citm.upc.edu\/#organization","name":"I3V 2025","url":"https:\/\/i3v.citm.upc.edu\/","logo":{"@type":"ImageObject","inLanguage":"ca","@id":"https:\/\/i3v.citm.upc.edu\/#\/schema\/logo\/image\/","url":"https:\/\/i3v.citm.upc.edu\/wp-content\/uploads\/2025\/11\/img-i3v-1.png","contentUrl":"https:\/\/i3v.citm.upc.edu\/wp-content\/uploads\/2025\/11\/img-i3v-1.png","width":983,"height":495,"caption":"I3V 2025"},"image":{"@id":"https:\/\/i3v.citm.upc.edu\/#\/schema\/logo\/image\/"}}]}},"_links":{"self":[{"href":"https:\/\/i3v.citm.upc.edu\/index.php?rest_route=\/wp\/v2\/pages\/74","targetHints":{"allow":["GET"]}}],"collection":[{"href":"https:\/\/i3v.citm.upc.edu\/index.php?rest_route=\/wp\/v2\/pages"}],"about":[{"href":"https:\/\/i3v.citm.upc.edu\/index.php?rest_route=\/wp\/v2\/types\/page"}],"author":[{"embeddable":true,"href":"https:\/\/i3v.citm.upc.edu\/index.php?rest_route=\/wp\/v2\/users\/1"}],"replies":[{"embeddable":true,"href":"https:\/\/i3v.citm.upc.edu\/index.php?rest_route=%2Fwp%2Fv2%2Fcomments&post=74"}],"version-history":[{"count":8,"href":"https:\/\/i3v.citm.upc.edu\/index.php?rest_route=\/wp\/v2\/pages\/74\/revisions"}],"predecessor-version":[{"id":465,"href":"https:\/\/i3v.citm.upc.edu\/index.php?rest_route=\/wp\/v2\/pages\/74\/revisions\/465"}],"wp:attachment":[{"href":"https:\/\/i3v.citm.upc.edu\/index.php?rest_route=%2Fwp%2Fv2%2Fmedia&parent=74"}],"curies":[{"name":"wp","href":"https:\/\/api.w.org\/{rel}","templated":true}]}}