{"id":524,"date":"2026-03-20T09:59:09","date_gmt":"2026-03-20T07:59:09","guid":{"rendered":"https:\/\/i3v.citm.upc.edu\/?page_id=524"},"modified":"2026-03-20T10:07:47","modified_gmt":"2026-03-20T08:07:47","slug":"i3v-2025","status":"publish","type":"page","link":"https:\/\/i3v.citm.upc.edu\/?page_id=524&lang=es","title":{"rendered":"I3V 2025"},"content":{"rendered":"\n<p>La celebraci\u00f3n de la <b data-path-to-node=\"1\" data-index-in-node=\"21\">segunda edici\u00f3n<\/b> del \u201cSimposio sobre Investigaci\u00f3n en la Industria Indie del Videojuego\u201c <b data-path-to-node=\"1\" data-index-in-node=\"109\">(I3V 2025)<\/b> tendr\u00e1 lugar el pr\u00f3ximo <b data-path-to-node=\"1\" data-index-in-node=\"144\">12 de diciembre<\/b>, en <b data-path-to-node=\"1\" data-index-in-node=\"164\">Terrassa<\/b> (Espa\u00f1a), como acto paralelo al \u201cINDIE GAMES TRS\u201c, un evento de acceso libre que servir\u00e1 como punto de encuentro para toda la escena independiente del videojuego espa\u00f1ol. Este simposio est\u00e1 abierto a contribuciones por parte de cualquier actor implicado en el estudio e investigaci\u00f3n dentro de esta \u00e1rea, con el objetivo de establecer un di\u00e1logo entre la academia y la industria que potencie su mejora y nuevos modelos de colaboraci\u00f3n.<\/p>\n\n\n\n<h2 class=\"wp-block-heading\">Keynotes<\/h2>\n\n\n\n<p class=\"has-medium-font-size\"><strong>Luca Carrubba<\/strong><\/p>\n\n\n\n<p><strong>Del&nbsp;<em>Indiepocalypse<\/em>&nbsp;al&nbsp;<em>Indieverse:&nbsp;<\/em>salto de formato hacia una creaci\u00f3n sostenible<\/strong><\/p>\n\n\n<div class=\"wp-block-image\">\n<figure class=\"alignleft size-full is-resized\"><img loading=\"lazy\" decoding=\"async\" width=\"824\" height=\"786\" src=\"https:\/\/i3v.citm.upc.edu\/wp-content\/uploads\/2025\/12\/Luca-Carrubba.jpg\" alt=\"\" class=\"wp-image-497\" style=\"width:178px;height:auto\" srcset=\"https:\/\/i3v.citm.upc.edu\/wp-content\/uploads\/2025\/12\/Luca-Carrubba.jpg 824w, https:\/\/i3v.citm.upc.edu\/wp-content\/uploads\/2025\/12\/Luca-Carrubba-300x286.jpg 300w, https:\/\/i3v.citm.upc.edu\/wp-content\/uploads\/2025\/12\/Luca-Carrubba-768x733.jpg 768w\" sizes=\"auto, (max-width: 824px) 100vw, 824px\" \/><\/figure>\n<\/div>\n\n\n<p class=\"has-text-align-left\">El concepto de&nbsp;<em>Indiepocalypse<\/em>&nbsp;resuena de nuevo en la industria del videojuego, evidenciando una crisis estructural que va m\u00e1s all\u00e1 de la simple saturaci\u00f3n del mercado. Frente a este panorama, la ponencia explora la necesidad de un \u00absalto de formato\u00bb, an\u00e1logo a las transformaciones que otros medios han experimentado en momentos de inflexi\u00f3n, como una v\u00eda para reimaginar el futuro del sector. A trav\u00e9s de la presentaci\u00f3n de una serie de \u2018prototipos\u2019 conceptuales, se propone un debate sobre nuevas formas de crear, distribuir y consumir videojuegos. El objetivo no es ofrecer respuestas definitivas, sino plantear preguntas clave y proponer un marco de trabajo para un ecosistema&nbsp;<em>indie&nbsp;<\/em>m\u00e1s diverso, resiliente y sostenible: un&nbsp;<em>indieverse<\/em>.<\/p>\n\n\n\n<p class=\"has-text-align-left\">Lucca Carrubba es investigador, docente y especialista en cultura digital. Trabaja en la intersecci\u00f3n entre arte, tecnolog\u00eda, dise\u00f1o y videojuegos. Doctor en arte por la Universitat de Barcelona, es codirector de ArsGames, participa en el debate internacional sobre&nbsp;<em>Games Studies<\/em>&nbsp;con conferencias y art\u00edculos sobre los videojuegos como espacios de experimentaci\u00f3n y transformaci\u00f3n social. Colabora con museos, centros culturales y universidades, combinando la investigaci\u00f3n te\u00f3rica con la creaci\u00f3n de juegos y otros artefactos digitales orientados a repensar c\u00f3mo vivimos juntos.<\/p>\n\n\n\n<h2 class=\"wp-block-heading\">Programa<\/h2>\n\n\n\n<figure class=\"wp-block-table\"><table class=\"has-fixed-layout\"><tbody><tr><td>9:00 &#8211; 9:15<\/td><td><strong>Apertura y bienvenida<\/strong><\/td><\/tr><tr><td>9:15 &#8211; 9:45<\/td><td><strong>Keynote<\/strong><\/td><\/tr><tr><td>9:45 \u2013 10:20<\/td><td><strong>Sesi\u00f3n 1<\/strong><br><em>Visiones hist\u00f3ricas<\/em><\/td><\/tr><tr><td>10:20 \u2013 11:15<\/td><td><strong>Sesi\u00f3n 2<\/strong><br><em>Buenas pr\u00e1cticas y personalizaci\u00f3n<\/em><\/td><\/tr><tr><td>11:15 \u201311: 45<\/td><td>PAUSA<\/td><\/tr><tr><td>11:45 \u2013 12:45<\/td><td><strong>Sesi\u00f3n 3<\/strong><br><em>Videojuegos y educaci\u00f3n<\/em><\/td><\/tr><tr><td>12:45 \u2013 13:45<\/td><td><strong>Sesi\u00f3n 4<\/strong><br><em>Est\u00e9ticas y narrativas del videojuego<\/em><\/td><\/tr><tr><td>13:45<\/td><td><strong>Cierre<\/strong><\/td><\/tr><\/tbody><\/table><\/figure>\n\n\n\n<p><strong>Listado de trabajos<\/strong><\/p>\n\n\n\n<p><em>Sesi\u00f3n I \u2013 <em>Visiones hist\u00f3ricas<\/em><\/em>&nbsp;[Moderadora: Maria Pag\u00e9s]<\/p>\n\n\n\n<ul class=\"wp-block-list\">\n<li>Spanish retro-indie point-and-click graphic adventures. Design and creators&#8217; discourse analysis.&nbsp;<em>[Ponente: Daniel Rissech]<\/em><\/li>\n\n\n\n<li>\u00bfIndie para qui\u00e9n? Evoluci\u00f3n y expectativas ideol\u00f3gicas en la producci\u00f3n de videojuegos independiente&nbsp;<em>[Ponente: Tom\u00e1s Grau]<\/em><\/li>\n<\/ul>\n\n\n\n<p><em>Sesi\u00f3n II \u2013 <em>Buenas pr\u00e1cticas y personalizaci\u00f3n<\/em><\/em>&nbsp;[Moderador: Bruno Caldas]<\/p>\n\n\n\n<ul class=\"wp-block-list\">\n<li>Adapting Games To Player Taxonomy&nbsp;<em>[Ponente: Sergi Colomer]<\/em><\/li>\n\n\n\n<li>El ecosistema del videojuego contempor\u00e1neo: colaboraci\u00f3n, cultura, y estrategias de sostenibilidad en la era de la sobreoferta&nbsp;<em>[Ponente: Alfonso de la Fuente Ruiz]<\/em><\/li>\n\n\n\n<li>M\u00fasica y sonido en Super Smash Bros. Ultimate: an\u00e1lisis funcional del dise\u00f1o sonoro y su papel en la experiencia inmersiva&nbsp;<em>[Ponente: Ruth S. Contreras-Espinosa i Adrien Faure-Carvallo]<\/em><\/li>\n<\/ul>\n\n\n\n<p><em>Sesi\u00f3n III \u2013 <em>Videojuegos y educaci\u00f3n<\/em><\/em>&nbsp;[Moderadora: Bea Mart\u00ednez]<\/p>\n\n\n\n<ul class=\"wp-block-list\">\n<li>Perspectivas del videojuego indie y la gamificaci\u00f3n educativa: hacia un modelo de \u201cgamificaci\u00f3n indie\u201d para el aprendizaje significativo&nbsp;<em>[Ponente: \u00c0lvaro Arias-Espinoza]<\/em><\/li>\n\n\n\n<li>Video Games in Upper Primary Education: A Competency-Based Learning Proposal Built Around Five Core Skills<em>&nbsp;[Ponente: Cristina Olivas]<\/em><\/li>\n\n\n\n<li>Independent Development of an Adaptive Educational Video Game for Learning Programming<em>&nbsp;[Ponente: Oscar Garcia Subirana, Antoni Perez-Poch i Marta Fern\u00e1ndez Ruiz]<\/em><\/li>\n<\/ul>\n\n\n\n<p><em>Sesi\u00f3n IV \u2013 <em>Est\u00e9ticas y narrativas del videojuego<\/em><\/em>&nbsp;[Moderador: Tom\u00e1s Grau]<\/p>\n\n\n\n<ul class=\"wp-block-list\">\n<li>Habitar sin conquistar: Hacia un pensamiento ecol\u00f3gico en el dise\u00f1o de videojuegos&nbsp;<em>[Ponente: Seraf\u00edn \u00c1lvarez]<\/em><\/li>\n\n\n\n<li>Do heroines travel too or only heroes? The expiration of the \u201cHero\u2019s Journey\u201d in the field of video games<em>&nbsp;[Ponente: Maria Pag\u00e8s]<\/em><\/li>\n<\/ul>\n","protected":false},"excerpt":{"rendered":"<p>La celebraci\u00f3n de la segunda edici\u00f3n del \u201cSimposio sobre Investigaci\u00f3n en la Industria Indie del Videojuego\u201c (I3V 2025) tendr\u00e1 lugar el pr\u00f3ximo 12 de diciembre, en Terrassa (Espa\u00f1a), como acto paralelo al \u201cINDIE GAMES TRS\u201c, un evento de acceso libre que servir\u00e1 como punto de encuentro para toda la escena independiente del videojuego espa\u00f1ol. Este &#8230; <a title=\"I3V 2025\" class=\"read-more\" href=\"https:\/\/i3v.citm.upc.edu\/?page_id=524&#038;lang=es\" aria-label=\"M\u00e9s informaci\u00f3 sobre I3V 2025\">Read more<\/a><\/p>\n","protected":false},"author":1,"featured_media":0,"parent":0,"menu_order":0,"comment_status":"closed","ping_status":"closed","template":"","meta":{"footnotes":""},"class_list":["post-524","page","type-page","status-publish"],"yoast_head":"<!-- This site is optimized with the Yoast SEO plugin v26.4 - https:\/\/yoast.com\/wordpress\/plugins\/seo\/ -->\n<title>I3V 2025 - I3V 2025<\/title>\n<meta name=\"robots\" content=\"index, follow, max-snippet:-1, max-image-preview:large, max-video-preview:-1\" \/>\n<link rel=\"canonical\" href=\"https:\/\/i3v.citm.upc.edu\/?page_id=524&lang=es\" \/>\n<meta property=\"og:locale\" content=\"ca_ES\" \/>\n<meta property=\"og:type\" content=\"article\" \/>\n<meta property=\"og:title\" content=\"I3V 2025 - I3V 2025\" \/>\n<meta property=\"og:description\" content=\"La celebraci\u00f3n de la segunda edici\u00f3n del \u201cSimposio sobre Investigaci\u00f3n en la Industria Indie del Videojuego\u201c (I3V 2025) tendr\u00e1 lugar el pr\u00f3ximo 12 de diciembre, en Terrassa (Espa\u00f1a), como acto paralelo al \u201cINDIE GAMES TRS\u201c, un evento de acceso libre que servir\u00e1 como punto de encuentro para toda la escena independiente del videojuego espa\u00f1ol. Este ... Read more\" \/>\n<meta property=\"og:url\" content=\"https:\/\/i3v.citm.upc.edu\/?page_id=524&amp;lang=es\" \/>\n<meta property=\"og:site_name\" content=\"I3V 2025\" \/>\n<meta property=\"article:modified_time\" content=\"2026-03-20T08:07:47+00:00\" \/>\n<meta property=\"og:image\" content=\"https:\/\/i3v.citm.upc.edu\/wp-content\/uploads\/2025\/12\/Luca-Carrubba.jpg\" \/>\n\t<meta property=\"og:image:width\" content=\"824\" \/>\n\t<meta property=\"og:image:height\" content=\"786\" \/>\n\t<meta property=\"og:image:type\" content=\"image\/jpeg\" \/>\n<meta name=\"twitter:card\" content=\"summary_large_image\" \/>\n<meta name=\"twitter:label1\" content=\"Temps estimat de lectura\" \/>\n\t<meta name=\"twitter:data1\" content=\"4 minuts\" \/>\n<script type=\"application\/ld+json\" class=\"yoast-schema-graph\">{\"@context\":\"https:\/\/schema.org\",\"@graph\":[{\"@type\":\"WebPage\",\"@id\":\"https:\/\/i3v.citm.upc.edu\/?page_id=524&lang=es\",\"url\":\"https:\/\/i3v.citm.upc.edu\/?page_id=524&lang=es\",\"name\":\"I3V 2025 - I3V 2025\",\"isPartOf\":{\"@id\":\"https:\/\/i3v.citm.upc.edu\/#website\"},\"primaryImageOfPage\":{\"@id\":\"https:\/\/i3v.citm.upc.edu\/?page_id=524&lang=es#primaryimage\"},\"image\":{\"@id\":\"https:\/\/i3v.citm.upc.edu\/?page_id=524&lang=es#primaryimage\"},\"thumbnailUrl\":\"https:\/\/i3v.citm.upc.edu\/wp-content\/uploads\/2025\/12\/Luca-Carrubba.jpg\",\"datePublished\":\"2026-03-20T07:59:09+00:00\",\"dateModified\":\"2026-03-20T08:07:47+00:00\",\"breadcrumb\":{\"@id\":\"https:\/\/i3v.citm.upc.edu\/?page_id=524&lang=es#breadcrumb\"},\"inLanguage\":\"ca\",\"potentialAction\":[{\"@type\":\"ReadAction\",\"target\":[\"https:\/\/i3v.citm.upc.edu\/?page_id=524&lang=es\"]}]},{\"@type\":\"ImageObject\",\"inLanguage\":\"ca\",\"@id\":\"https:\/\/i3v.citm.upc.edu\/?page_id=524&lang=es#primaryimage\",\"url\":\"https:\/\/i3v.citm.upc.edu\/wp-content\/uploads\/2025\/12\/Luca-Carrubba.jpg\",\"contentUrl\":\"https:\/\/i3v.citm.upc.edu\/wp-content\/uploads\/2025\/12\/Luca-Carrubba.jpg\",\"width\":824,\"height\":786},{\"@type\":\"BreadcrumbList\",\"@id\":\"https:\/\/i3v.citm.upc.edu\/?page_id=524&lang=es#breadcrumb\",\"itemListElement\":[{\"@type\":\"ListItem\",\"position\":1,\"name\":\"Inici\",\"item\":\"https:\/\/i3v.citm.upc.edu\/\"},{\"@type\":\"ListItem\",\"position\":2,\"name\":\"I3V 2025\"}]},{\"@type\":\"WebSite\",\"@id\":\"https:\/\/i3v.citm.upc.edu\/#website\",\"url\":\"https:\/\/i3v.citm.upc.edu\/\",\"name\":\"I3V 2025\",\"description\":\"I3V 2025 \u2013 2n Simposi sobre Investigaci\u00f3 a la Ind\u00fastria Indie del Videojoc\",\"publisher\":{\"@id\":\"https:\/\/i3v.citm.upc.edu\/#organization\"},\"potentialAction\":[{\"@type\":\"SearchAction\",\"target\":{\"@type\":\"EntryPoint\",\"urlTemplate\":\"https:\/\/i3v.citm.upc.edu\/?s={search_term_string}\"},\"query-input\":{\"@type\":\"PropertyValueSpecification\",\"valueRequired\":true,\"valueName\":\"search_term_string\"}}],\"inLanguage\":\"ca\"},{\"@type\":\"Organization\",\"@id\":\"https:\/\/i3v.citm.upc.edu\/#organization\",\"name\":\"I3V 2025\",\"url\":\"https:\/\/i3v.citm.upc.edu\/\",\"logo\":{\"@type\":\"ImageObject\",\"inLanguage\":\"ca\",\"@id\":\"https:\/\/i3v.citm.upc.edu\/#\/schema\/logo\/image\/\",\"url\":\"https:\/\/i3v.citm.upc.edu\/wp-content\/uploads\/2025\/11\/img-i3v-1.png\",\"contentUrl\":\"https:\/\/i3v.citm.upc.edu\/wp-content\/uploads\/2025\/11\/img-i3v-1.png\",\"width\":983,\"height\":495,\"caption\":\"I3V 2025\"},\"image\":{\"@id\":\"https:\/\/i3v.citm.upc.edu\/#\/schema\/logo\/image\/\"}}]}<\/script>\n<!-- \/ Yoast SEO plugin. -->","yoast_head_json":{"title":"I3V 2025 - I3V 2025","robots":{"index":"index","follow":"follow","max-snippet":"max-snippet:-1","max-image-preview":"max-image-preview:large","max-video-preview":"max-video-preview:-1"},"canonical":"https:\/\/i3v.citm.upc.edu\/?page_id=524&lang=es","og_locale":"ca_ES","og_type":"article","og_title":"I3V 2025 - I3V 2025","og_description":"La celebraci\u00f3n de la segunda edici\u00f3n del \u201cSimposio sobre Investigaci\u00f3n en la Industria Indie del Videojuego\u201c (I3V 2025) tendr\u00e1 lugar el pr\u00f3ximo 12 de diciembre, en Terrassa (Espa\u00f1a), como acto paralelo al \u201cINDIE GAMES TRS\u201c, un evento de acceso libre que servir\u00e1 como punto de encuentro para toda la escena independiente del videojuego espa\u00f1ol. Este ... Read more","og_url":"https:\/\/i3v.citm.upc.edu\/?page_id=524&lang=es","og_site_name":"I3V 2025","article_modified_time":"2026-03-20T08:07:47+00:00","og_image":[{"width":824,"height":786,"url":"https:\/\/i3v.citm.upc.edu\/wp-content\/uploads\/2025\/12\/Luca-Carrubba.jpg","type":"image\/jpeg"}],"twitter_card":"summary_large_image","twitter_misc":{"Temps estimat de lectura":"4 minuts"},"schema":{"@context":"https:\/\/schema.org","@graph":[{"@type":"WebPage","@id":"https:\/\/i3v.citm.upc.edu\/?page_id=524&lang=es","url":"https:\/\/i3v.citm.upc.edu\/?page_id=524&lang=es","name":"I3V 2025 - I3V 2025","isPartOf":{"@id":"https:\/\/i3v.citm.upc.edu\/#website"},"primaryImageOfPage":{"@id":"https:\/\/i3v.citm.upc.edu\/?page_id=524&lang=es#primaryimage"},"image":{"@id":"https:\/\/i3v.citm.upc.edu\/?page_id=524&lang=es#primaryimage"},"thumbnailUrl":"https:\/\/i3v.citm.upc.edu\/wp-content\/uploads\/2025\/12\/Luca-Carrubba.jpg","datePublished":"2026-03-20T07:59:09+00:00","dateModified":"2026-03-20T08:07:47+00:00","breadcrumb":{"@id":"https:\/\/i3v.citm.upc.edu\/?page_id=524&lang=es#breadcrumb"},"inLanguage":"ca","potentialAction":[{"@type":"ReadAction","target":["https:\/\/i3v.citm.upc.edu\/?page_id=524&lang=es"]}]},{"@type":"ImageObject","inLanguage":"ca","@id":"https:\/\/i3v.citm.upc.edu\/?page_id=524&lang=es#primaryimage","url":"https:\/\/i3v.citm.upc.edu\/wp-content\/uploads\/2025\/12\/Luca-Carrubba.jpg","contentUrl":"https:\/\/i3v.citm.upc.edu\/wp-content\/uploads\/2025\/12\/Luca-Carrubba.jpg","width":824,"height":786},{"@type":"BreadcrumbList","@id":"https:\/\/i3v.citm.upc.edu\/?page_id=524&lang=es#breadcrumb","itemListElement":[{"@type":"ListItem","position":1,"name":"Inici","item":"https:\/\/i3v.citm.upc.edu\/"},{"@type":"ListItem","position":2,"name":"I3V 2025"}]},{"@type":"WebSite","@id":"https:\/\/i3v.citm.upc.edu\/#website","url":"https:\/\/i3v.citm.upc.edu\/","name":"I3V 2025","description":"I3V 2025 \u2013 2n Simposi sobre Investigaci\u00f3 a la Ind\u00fastria Indie del Videojoc","publisher":{"@id":"https:\/\/i3v.citm.upc.edu\/#organization"},"potentialAction":[{"@type":"SearchAction","target":{"@type":"EntryPoint","urlTemplate":"https:\/\/i3v.citm.upc.edu\/?s={search_term_string}"},"query-input":{"@type":"PropertyValueSpecification","valueRequired":true,"valueName":"search_term_string"}}],"inLanguage":"ca"},{"@type":"Organization","@id":"https:\/\/i3v.citm.upc.edu\/#organization","name":"I3V 2025","url":"https:\/\/i3v.citm.upc.edu\/","logo":{"@type":"ImageObject","inLanguage":"ca","@id":"https:\/\/i3v.citm.upc.edu\/#\/schema\/logo\/image\/","url":"https:\/\/i3v.citm.upc.edu\/wp-content\/uploads\/2025\/11\/img-i3v-1.png","contentUrl":"https:\/\/i3v.citm.upc.edu\/wp-content\/uploads\/2025\/11\/img-i3v-1.png","width":983,"height":495,"caption":"I3V 2025"},"image":{"@id":"https:\/\/i3v.citm.upc.edu\/#\/schema\/logo\/image\/"}}]}},"_links":{"self":[{"href":"https:\/\/i3v.citm.upc.edu\/index.php?rest_route=\/wp\/v2\/pages\/524","targetHints":{"allow":["GET"]}}],"collection":[{"href":"https:\/\/i3v.citm.upc.edu\/index.php?rest_route=\/wp\/v2\/pages"}],"about":[{"href":"https:\/\/i3v.citm.upc.edu\/index.php?rest_route=\/wp\/v2\/types\/page"}],"author":[{"embeddable":true,"href":"https:\/\/i3v.citm.upc.edu\/index.php?rest_route=\/wp\/v2\/users\/1"}],"replies":[{"embeddable":true,"href":"https:\/\/i3v.citm.upc.edu\/index.php?rest_route=%2Fwp%2Fv2%2Fcomments&post=524"}],"version-history":[{"count":2,"href":"https:\/\/i3v.citm.upc.edu\/index.php?rest_route=\/wp\/v2\/pages\/524\/revisions"}],"predecessor-version":[{"id":529,"href":"https:\/\/i3v.citm.upc.edu\/index.php?rest_route=\/wp\/v2\/pages\/524\/revisions\/529"}],"wp:attachment":[{"href":"https:\/\/i3v.citm.upc.edu\/index.php?rest_route=%2Fwp%2Fv2%2Fmedia&parent=524"}],"curies":[{"name":"wp","href":"https:\/\/api.w.org\/{rel}","templated":true}]}}