{"id":522,"date":"2026-03-20T09:59:09","date_gmt":"2026-03-20T07:59:09","guid":{"rendered":"https:\/\/i3v.citm.upc.edu\/?page_id=522"},"modified":"2026-03-20T09:59:09","modified_gmt":"2026-03-20T07:59:09","slug":"i3v-2025","status":"publish","type":"page","link":"https:\/\/i3v.citm.upc.edu\/?page_id=522","title":{"rendered":"I3V 2025"},"content":{"rendered":"\n<p>La celebraci\u00f3 de la <strong>segona edici\u00f3<\/strong> del \u201cSimposi sobre Investigaci\u00f3 a la Ind\u00fastria Indie del Videojoc\u201c <strong>(I3V 2025)<\/strong> tindr\u00e0 lloc el pr\u00f2xim <strong>12 de desembre<\/strong>, a <strong>Terrassa<\/strong> (Espanya), com a acte paral\u00b7lel al \u201cINDIE GAMES TRS\u201c, un esdeveniment d\u2019acc\u00e9s lliure que servir\u00e0 com a punt de trobada per a tota l\u2019escena independent del videojoc espanyol. Aquest simposi est\u00e0 obert a contribucions per part de qualsevol actor implicat en l\u2019estudi i la recerca dins d\u2019aquesta \u00e0rea, amb l\u2019objectiu d\u2019establir un di\u00e0leg entre l\u2019acad\u00e8mia i la ind\u00fastria que potenci\u00ef la seva millora i nous models de col\u00b7laboraci\u00f3.<\/p>\n\n\n\n<h2 class=\"wp-block-heading\">Keynotes<\/h2>\n\n\n\n<p class=\"has-medium-font-size\"><strong>Luca Carrubba<\/strong><\/p>\n\n\n\n<p><strong>Del <em>Indiepocalypse<\/em> al <em>Indieverse<\/em>: salt de format cap a una creaci\u00f3 sostenible<\/strong><\/p>\n\n\n<div class=\"wp-block-image\">\n<figure class=\"alignleft size-full is-resized\"><img loading=\"lazy\" decoding=\"async\" width=\"824\" height=\"786\" src=\"https:\/\/i3v.citm.upc.edu\/wp-content\/uploads\/2025\/12\/Luca-Carrubba.jpg\" alt=\"\" class=\"wp-image-497\" style=\"width:178px;height:auto\" srcset=\"https:\/\/i3v.citm.upc.edu\/wp-content\/uploads\/2025\/12\/Luca-Carrubba.jpg 824w, https:\/\/i3v.citm.upc.edu\/wp-content\/uploads\/2025\/12\/Luca-Carrubba-300x286.jpg 300w, https:\/\/i3v.citm.upc.edu\/wp-content\/uploads\/2025\/12\/Luca-Carrubba-768x733.jpg 768w\" sizes=\"auto, (max-width: 824px) 100vw, 824px\" \/><\/figure>\n<\/div>\n\n\n<p class=\"has-text-align-left\">El concepte de <em>Indiepocalypse<\/em> ressona de nou en la ind\u00fastria del videojoc, evidenciant una crisi estructural que va m\u00e9s enll\u00e0 de la simple saturaci\u00f3 del mercat. Enfront d&#8217;aquest panorama, la pon\u00e8ncia explora la necessitat d&#8217;un &#8220;salt de format&#8221;, an\u00e0leg a les transformacions que altres mitjans han experimentat en moments d&#8217;inflexi\u00f3, com una via per a reimaginar el futur del sector. A trav\u00e9s de la presentaci\u00f3 d&#8217;una s\u00e8rie de &#8216;prototips&#8217; conceptuals, es proposa un debat sobre noves maneres de crear, distribuir i consumir videojocs. L&#8217;objectiu no \u00e9s oferir respostes definitives, sin\u00f3 plantejar preguntes clau i proposar un marc de treball per a un ecosistema indie m\u00e9s divers, resilient i sostenible: un <em>indieverse<\/em>.<\/p>\n\n\n\n<p class=\"has-text-align-left\">Luca Carrubba \u00e9s investigador, docent i especialista en cultura digital. Treballa en la intersecci\u00f3 entre art, tecnologia, disseny i videojocs. Doctor en art per la Universitat de Barcelona, \u00e9s codirector de ArsGames, participa en el debat internacional sobre <em>Games Studies<\/em> amb confer\u00e8ncies i articles sobre els videojocs com a espais d&#8217;experimentaci\u00f3 i transformaci\u00f3 social. Col\u00b7labora amb museus, centres culturals i universitats, combinant la recerca te\u00f2rica amb la creaci\u00f3 de jocs i altres artefactes digitals orientats a repensar com vivim junts.<\/p>\n\n\n\n<h2 class=\"wp-block-heading\">Programa<\/h2>\n\n\n\n<figure class=\"wp-block-table\"><table class=\"has-fixed-layout\"><tbody><tr><td>9:00 &#8211; 9:15<\/td><td><strong>Obertura i benvinguda<\/strong><\/td><\/tr><tr><td>9:15 &#8211; 9:45<\/td><td><strong>Keynote<\/strong><\/td><\/tr><tr><td>9:45 \u2013 10:20<\/td><td><strong>Sessi\u00f3 1<\/strong><br><em>Visions hist\u00f2riques<\/em><\/td><\/tr><tr><td>10:20 \u2013 11:15<\/td><td><strong>Sessi\u00f3 2<\/strong><br><em>Bones pr\u00e0ctiques i personalitzaci\u00f3<\/em><\/td><\/tr><tr><td>11:15 \u201311: 45<\/td><td>PAUSA<\/td><\/tr><tr><td>11:45 \u2013 12:45<\/td><td><strong>Sessi\u00f3 3<\/strong><br><em>Videojocs i educaci\u00f3<\/em><\/td><\/tr><tr><td>12:45 \u2013 13:45<\/td><td><strong>Sessi\u00f3 4<\/strong><br><em>Est\u00e8tiques i narratives del videojoc<\/em><\/td><\/tr><tr><td>13:45<\/td><td><strong>Tancament<\/strong><\/td><\/tr><\/tbody><\/table><\/figure>\n\n\n\n<p><strong>Llistat de treballs<\/strong><\/p>\n\n\n\n<p><em>Sessi\u00f3 I \u2013 <em>Visions hist\u00f2riques<\/em><\/em>&nbsp;[Moderadora: Maria Pag\u00e9s]<\/p>\n\n\n\n<ul class=\"wp-block-list\">\n<li>Spanish retro-indie point-and-click graphic adventures. Design and creators&#8217; discourse analysis.&nbsp;<em>[Ponent: Daniel Rissech]<\/em><\/li>\n\n\n\n<li>\u00bfIndie para qui\u00e9n? Evoluci\u00f3n y expectativas ideol\u00f3gicas en la producci\u00f3n de videojuegos independiente&nbsp;<em>[Ponent: Tom\u00e1s Grau]<\/em><\/li>\n<\/ul>\n\n\n\n<p><em>Sessi\u00f3 II \u2013 <em>Bones pr\u00e0ctiques i personalitzaci\u00f3<\/em><\/em>&nbsp;[Moderador: Bruno Caldas]<\/p>\n\n\n\n<ul class=\"wp-block-list\">\n<li>Adapting Games To Player Taxonomy&nbsp;<em>[Ponent: Sergi Colomer]<\/em><\/li>\n\n\n\n<li>El ecosistema del videojuego contempor\u00e1neo: colaboraci\u00f3n, cultura, y estrategias de sostenibilidad en la era de la sobreoferta&nbsp;<em>[Ponent: Alfonso de la Fuente Ruiz]<\/em><\/li>\n\n\n\n<li>M\u00fasica y sonido en Super Smash Bros. Ultimate: an\u00e1lisis funcional del dise\u00f1o sonoro y su papel en la experiencia inmersiva&nbsp;<em>[Ponent: Ruth S. Contreras-Espinosa i Adrien Faure-Carvallo]<\/em><\/li>\n<\/ul>\n\n\n\n<p><em>Sessi\u00f3 III \u2013 <em>Videojocs i educaci\u00f3<\/em><\/em>&nbsp;[Moderadora: Bea Mart\u00ednez]<\/p>\n\n\n\n<ul class=\"wp-block-list\">\n<li>Perspectivas del videojuego indie y la gamificaci\u00f3n educativa: hacia un modelo de \u201cgamificaci\u00f3n indie\u201d para el aprendizaje significativo&nbsp;<em>[Ponent: \u00c0lvaro Arias-Espinoza]<\/em><\/li>\n\n\n\n<li>Video Games in Upper Primary Education: A Competency-Based Learning Proposal Built Around Five Core Skills<em>&nbsp;[Ponent: Cristina Olivas]<\/em><\/li>\n\n\n\n<li>Independent Development of an Adaptive Educational Video Game for Learning Programming<em>&nbsp;[Ponent: Oscar Garcia Subirana, Antoni Perez-Poch i Marta Fern\u00e1ndez Ruiz]<\/em><\/li>\n<\/ul>\n\n\n\n<p><em>Sessi\u00f3 IV \u2013 <em>Est\u00e8tiques i narratives del videojoc<\/em><\/em>&nbsp;[Moderador: Tom\u00e1s Grau]<\/p>\n\n\n\n<ul class=\"wp-block-list\">\n<li>Habitar sin conquistar: Hacia un pensamiento ecol\u00f3gico en el dise\u00f1o de videojuegos&nbsp;<em>[Ponent: Seraf\u00edn \u00c1lvarez]<\/em><\/li>\n\n\n\n<li>Do heroines travel too or only heroes? The expiration of the \u201cHero\u2019s Journey\u201d in the field of video games<em>&nbsp;[Ponent: Maria Pag\u00e8s]<\/em><\/li>\n<\/ul>\n","protected":false},"excerpt":{"rendered":"<p>La celebraci\u00f3 de la segona edici\u00f3 del \u201cSimposi sobre Investigaci\u00f3 a la Ind\u00fastria Indie del Videojoc\u201c (I3V 2025) tindr\u00e0 lloc el pr\u00f2xim 12 de desembre, a Terrassa (Espanya), com a acte paral\u00b7lel al \u201cINDIE GAMES TRS\u201c, un esdeveniment d\u2019acc\u00e9s lliure que servir\u00e0 com a punt de trobada per a tota l\u2019escena independent del videojoc espanyol. &#8230; <a title=\"I3V 2025\" class=\"read-more\" href=\"https:\/\/i3v.citm.upc.edu\/?page_id=522\" aria-label=\"M\u00e9s informaci\u00f3 sobre I3V 2025\">Read more<\/a><\/p>\n","protected":false},"author":1,"featured_media":0,"parent":0,"menu_order":0,"comment_status":"closed","ping_status":"closed","template":"","meta":{"footnotes":""},"class_list":["post-522","page","type-page","status-publish"],"yoast_head":"<!-- This site is optimized with the Yoast SEO plugin v26.4 - https:\/\/yoast.com\/wordpress\/plugins\/seo\/ -->\n<title>I3V 2025 - I3V 2025<\/title>\n<meta name=\"robots\" content=\"index, follow, max-snippet:-1, max-image-preview:large, max-video-preview:-1\" \/>\n<link rel=\"canonical\" href=\"https:\/\/i3v.citm.upc.edu\/?page_id=522\" \/>\n<meta property=\"og:locale\" content=\"ca_ES\" \/>\n<meta property=\"og:type\" content=\"article\" \/>\n<meta property=\"og:title\" content=\"I3V 2025 - I3V 2025\" \/>\n<meta property=\"og:description\" content=\"La celebraci\u00f3 de la segona edici\u00f3 del \u201cSimposi sobre Investigaci\u00f3 a la Ind\u00fastria Indie del Videojoc\u201c (I3V 2025) tindr\u00e0 lloc el pr\u00f2xim 12 de desembre, a Terrassa (Espanya), com a acte paral\u00b7lel al \u201cINDIE GAMES TRS\u201c, un esdeveniment d\u2019acc\u00e9s lliure que servir\u00e0 com a punt de trobada per a tota l\u2019escena independent del videojoc espanyol. ... Read more\" \/>\n<meta property=\"og:url\" content=\"https:\/\/i3v.citm.upc.edu\/?page_id=522\" \/>\n<meta property=\"og:site_name\" content=\"I3V 2025\" \/>\n<meta property=\"og:image\" content=\"https:\/\/i3v.citm.upc.edu\/wp-content\/uploads\/2025\/12\/Luca-Carrubba.jpg\" \/>\n\t<meta property=\"og:image:width\" content=\"824\" \/>\n\t<meta property=\"og:image:height\" content=\"786\" \/>\n\t<meta property=\"og:image:type\" content=\"image\/jpeg\" \/>\n<meta name=\"twitter:card\" content=\"summary_large_image\" \/>\n<meta name=\"twitter:label1\" content=\"Temps estimat de lectura\" \/>\n\t<meta name=\"twitter:data1\" content=\"4 minuts\" \/>\n<script type=\"application\/ld+json\" class=\"yoast-schema-graph\">{\"@context\":\"https:\/\/schema.org\",\"@graph\":[{\"@type\":\"WebPage\",\"@id\":\"https:\/\/i3v.citm.upc.edu\/?page_id=522\",\"url\":\"https:\/\/i3v.citm.upc.edu\/?page_id=522\",\"name\":\"I3V 2025 - I3V 2025\",\"isPartOf\":{\"@id\":\"https:\/\/i3v.citm.upc.edu\/#website\"},\"primaryImageOfPage\":{\"@id\":\"https:\/\/i3v.citm.upc.edu\/?page_id=522#primaryimage\"},\"image\":{\"@id\":\"https:\/\/i3v.citm.upc.edu\/?page_id=522#primaryimage\"},\"thumbnailUrl\":\"https:\/\/i3v.citm.upc.edu\/wp-content\/uploads\/2025\/12\/Luca-Carrubba.jpg\",\"datePublished\":\"2026-03-20T07:59:09+00:00\",\"breadcrumb\":{\"@id\":\"https:\/\/i3v.citm.upc.edu\/?page_id=522#breadcrumb\"},\"inLanguage\":\"ca\",\"potentialAction\":[{\"@type\":\"ReadAction\",\"target\":[\"https:\/\/i3v.citm.upc.edu\/?page_id=522\"]}]},{\"@type\":\"ImageObject\",\"inLanguage\":\"ca\",\"@id\":\"https:\/\/i3v.citm.upc.edu\/?page_id=522#primaryimage\",\"url\":\"https:\/\/i3v.citm.upc.edu\/wp-content\/uploads\/2025\/12\/Luca-Carrubba.jpg\",\"contentUrl\":\"https:\/\/i3v.citm.upc.edu\/wp-content\/uploads\/2025\/12\/Luca-Carrubba.jpg\",\"width\":824,\"height\":786},{\"@type\":\"BreadcrumbList\",\"@id\":\"https:\/\/i3v.citm.upc.edu\/?page_id=522#breadcrumb\",\"itemListElement\":[{\"@type\":\"ListItem\",\"position\":1,\"name\":\"Inici\",\"item\":\"https:\/\/i3v.citm.upc.edu\/\"},{\"@type\":\"ListItem\",\"position\":2,\"name\":\"I3V 2025\"}]},{\"@type\":\"WebSite\",\"@id\":\"https:\/\/i3v.citm.upc.edu\/#website\",\"url\":\"https:\/\/i3v.citm.upc.edu\/\",\"name\":\"I3V 2025\",\"description\":\"I3V 2025 \u2013 2n Simposi sobre Investigaci\u00f3 a la Ind\u00fastria Indie del Videojoc\",\"publisher\":{\"@id\":\"https:\/\/i3v.citm.upc.edu\/#organization\"},\"potentialAction\":[{\"@type\":\"SearchAction\",\"target\":{\"@type\":\"EntryPoint\",\"urlTemplate\":\"https:\/\/i3v.citm.upc.edu\/?s={search_term_string}\"},\"query-input\":{\"@type\":\"PropertyValueSpecification\",\"valueRequired\":true,\"valueName\":\"search_term_string\"}}],\"inLanguage\":\"ca\"},{\"@type\":\"Organization\",\"@id\":\"https:\/\/i3v.citm.upc.edu\/#organization\",\"name\":\"I3V 2025\",\"url\":\"https:\/\/i3v.citm.upc.edu\/\",\"logo\":{\"@type\":\"ImageObject\",\"inLanguage\":\"ca\",\"@id\":\"https:\/\/i3v.citm.upc.edu\/#\/schema\/logo\/image\/\",\"url\":\"https:\/\/i3v.citm.upc.edu\/wp-content\/uploads\/2025\/11\/img-i3v-1.png\",\"contentUrl\":\"https:\/\/i3v.citm.upc.edu\/wp-content\/uploads\/2025\/11\/img-i3v-1.png\",\"width\":983,\"height\":495,\"caption\":\"I3V 2025\"},\"image\":{\"@id\":\"https:\/\/i3v.citm.upc.edu\/#\/schema\/logo\/image\/\"}}]}<\/script>\n<!-- \/ Yoast SEO plugin. -->","yoast_head_json":{"title":"I3V 2025 - I3V 2025","robots":{"index":"index","follow":"follow","max-snippet":"max-snippet:-1","max-image-preview":"max-image-preview:large","max-video-preview":"max-video-preview:-1"},"canonical":"https:\/\/i3v.citm.upc.edu\/?page_id=522","og_locale":"ca_ES","og_type":"article","og_title":"I3V 2025 - I3V 2025","og_description":"La celebraci\u00f3 de la segona edici\u00f3 del \u201cSimposi sobre Investigaci\u00f3 a la Ind\u00fastria Indie del Videojoc\u201c (I3V 2025) tindr\u00e0 lloc el pr\u00f2xim 12 de desembre, a Terrassa (Espanya), com a acte paral\u00b7lel al \u201cINDIE GAMES TRS\u201c, un esdeveniment d\u2019acc\u00e9s lliure que servir\u00e0 com a punt de trobada per a tota l\u2019escena independent del videojoc espanyol. ... Read more","og_url":"https:\/\/i3v.citm.upc.edu\/?page_id=522","og_site_name":"I3V 2025","og_image":[{"width":824,"height":786,"url":"https:\/\/i3v.citm.upc.edu\/wp-content\/uploads\/2025\/12\/Luca-Carrubba.jpg","type":"image\/jpeg"}],"twitter_card":"summary_large_image","twitter_misc":{"Temps estimat de lectura":"4 minuts"},"schema":{"@context":"https:\/\/schema.org","@graph":[{"@type":"WebPage","@id":"https:\/\/i3v.citm.upc.edu\/?page_id=522","url":"https:\/\/i3v.citm.upc.edu\/?page_id=522","name":"I3V 2025 - I3V 2025","isPartOf":{"@id":"https:\/\/i3v.citm.upc.edu\/#website"},"primaryImageOfPage":{"@id":"https:\/\/i3v.citm.upc.edu\/?page_id=522#primaryimage"},"image":{"@id":"https:\/\/i3v.citm.upc.edu\/?page_id=522#primaryimage"},"thumbnailUrl":"https:\/\/i3v.citm.upc.edu\/wp-content\/uploads\/2025\/12\/Luca-Carrubba.jpg","datePublished":"2026-03-20T07:59:09+00:00","breadcrumb":{"@id":"https:\/\/i3v.citm.upc.edu\/?page_id=522#breadcrumb"},"inLanguage":"ca","potentialAction":[{"@type":"ReadAction","target":["https:\/\/i3v.citm.upc.edu\/?page_id=522"]}]},{"@type":"ImageObject","inLanguage":"ca","@id":"https:\/\/i3v.citm.upc.edu\/?page_id=522#primaryimage","url":"https:\/\/i3v.citm.upc.edu\/wp-content\/uploads\/2025\/12\/Luca-Carrubba.jpg","contentUrl":"https:\/\/i3v.citm.upc.edu\/wp-content\/uploads\/2025\/12\/Luca-Carrubba.jpg","width":824,"height":786},{"@type":"BreadcrumbList","@id":"https:\/\/i3v.citm.upc.edu\/?page_id=522#breadcrumb","itemListElement":[{"@type":"ListItem","position":1,"name":"Inici","item":"https:\/\/i3v.citm.upc.edu\/"},{"@type":"ListItem","position":2,"name":"I3V 2025"}]},{"@type":"WebSite","@id":"https:\/\/i3v.citm.upc.edu\/#website","url":"https:\/\/i3v.citm.upc.edu\/","name":"I3V 2025","description":"I3V 2025 \u2013 2n Simposi sobre Investigaci\u00f3 a la Ind\u00fastria Indie del Videojoc","publisher":{"@id":"https:\/\/i3v.citm.upc.edu\/#organization"},"potentialAction":[{"@type":"SearchAction","target":{"@type":"EntryPoint","urlTemplate":"https:\/\/i3v.citm.upc.edu\/?s={search_term_string}"},"query-input":{"@type":"PropertyValueSpecification","valueRequired":true,"valueName":"search_term_string"}}],"inLanguage":"ca"},{"@type":"Organization","@id":"https:\/\/i3v.citm.upc.edu\/#organization","name":"I3V 2025","url":"https:\/\/i3v.citm.upc.edu\/","logo":{"@type":"ImageObject","inLanguage":"ca","@id":"https:\/\/i3v.citm.upc.edu\/#\/schema\/logo\/image\/","url":"https:\/\/i3v.citm.upc.edu\/wp-content\/uploads\/2025\/11\/img-i3v-1.png","contentUrl":"https:\/\/i3v.citm.upc.edu\/wp-content\/uploads\/2025\/11\/img-i3v-1.png","width":983,"height":495,"caption":"I3V 2025"},"image":{"@id":"https:\/\/i3v.citm.upc.edu\/#\/schema\/logo\/image\/"}}]}},"_links":{"self":[{"href":"https:\/\/i3v.citm.upc.edu\/index.php?rest_route=\/wp\/v2\/pages\/522","targetHints":{"allow":["GET"]}}],"collection":[{"href":"https:\/\/i3v.citm.upc.edu\/index.php?rest_route=\/wp\/v2\/pages"}],"about":[{"href":"https:\/\/i3v.citm.upc.edu\/index.php?rest_route=\/wp\/v2\/types\/page"}],"author":[{"embeddable":true,"href":"https:\/\/i3v.citm.upc.edu\/index.php?rest_route=\/wp\/v2\/users\/1"}],"replies":[{"embeddable":true,"href":"https:\/\/i3v.citm.upc.edu\/index.php?rest_route=%2Fwp%2Fv2%2Fcomments&post=522"}],"version-history":[{"count":1,"href":"https:\/\/i3v.citm.upc.edu\/index.php?rest_route=\/wp\/v2\/pages\/522\/revisions"}],"predecessor-version":[{"id":523,"href":"https:\/\/i3v.citm.upc.edu\/index.php?rest_route=\/wp\/v2\/pages\/522\/revisions\/523"}],"wp:attachment":[{"href":"https:\/\/i3v.citm.upc.edu\/index.php?rest_route=%2Fwp%2Fv2%2Fmedia&parent=522"}],"curies":[{"name":"wp","href":"https:\/\/api.w.org\/{rel}","templated":true}]}}