{"id":50,"date":"2023-04-28T10:54:26","date_gmt":"2023-04-28T08:54:26","guid":{"rendered":"https:\/\/i3v.citm.upc.edu\/?page_id=50"},"modified":"2025-11-26T12:44:02","modified_gmt":"2025-11-26T10:44:02","slug":"home","status":"publish","type":"page","link":"https:\/\/i3v.citm.upc.edu\/","title":{"rendered":"Home"},"content":{"rendered":"\n<p>Ens satisf\u00e0 anunciar la celebraci\u00f3 de la segona edici\u00f3 del &#8220;<em>Simposi sobre Investigaci\u00f3 a la Ind\u00fastria Indie del Videojoc<\/em>&#8220;<strong> (I3V 2025)<\/strong> el pr\u00f2xim 12 de desembre, a Terrassa (Espanya), com acte paral\u00b7lel al &#8220;<strong>INDIE GAMES TRS<\/strong>&#8220;, un esdeveniment d\u2019acc\u00e9s lliure que servir\u00e0 com punt de trobada per tota l&#8217;escena independent del videojoc espanyol. Aquest simposi est\u00e0 obert a contribucions per part de qualsevol actor implicat en l\u2019estudi i recerca dins d\u2019aquesta \u00e0rea, i aix\u00ed establir un di\u00e0leg entre els diferents actors implicats, tant acad\u00e8mia com ind\u00fastria, que potenci\u00efn la seva millora i nous models de col\u00b7laboraci\u00f3.<\/p>\n\n\n\n<p>El proc\u00e9s de disseny i desenvolupament de videojocs planteja molts reptes, i establir entre els diferents actors implicats una manera d\u2019intercanviar bones pr\u00e0ctiques o casos d\u2019\u00e8xit \u00e9s de gran rellev\u00e0ncia. Tot i que aquest proc\u00e9s est\u00e0 principalment relacionat principalment amb la ind\u00fastria, hi ha una llarga tradici\u00f3 de casos en qu\u00e8 la col\u00b7laboraci\u00f3 amb el m\u00f3n acad\u00e8mic ha ajudat a investigar i avan\u00e7ar en la comprensi\u00f3 de com analitzar i desenvolupar millors jocs.&nbsp;<\/p>\n\n\n\n<p>Existeixen treballs molt coneguts presentats amb un clar rerefons de recerca, o publicats en esdeveniments acad\u00e8mics, que serveixen per il\u00b7lustrar aquest fet. Des del marc MDA de Hunicke i LeBlanc (publicat al &#8220;<em>AAAI Workshop on Challenges in Game AI<\/em>&#8220;), als estudis de Lazzaro (&#8220;<em>Game Developers Conference<\/em>&#8220;) i Bartle (&#8220;<em>Journal of MUD research<\/em>&#8220;) sobre maneres d\u2019assolir la immersi\u00f3 dels jugadors. Si ens centrem en el videjocs &#8220;indie&#8221;, trobem com el volum &#8220;<a href=\"https:\/\/mitpress.mit.edu\/9780262042796\/handmade-pixels\/\"><em>Handmade Pixels: Independent Video Games i Quest for Authenticity<\/em><\/a>&#8221; de Juul, o el monogr\u00e0fic &#8220;<a href=\"https:\/\/journals.sfu.ca\/loading\/index.php\/loading\/article\/view\/129\">Indie, Eh? Some Kind of Game Studies<\/a>&#8220;<em>,<\/em> publicat a la revista Loading, on s\u2019aborda el significat d&#8217;indie, la seva relaci\u00f3 amb corrents mainstream, l&#8217;est\u00e8tica, comunitats de jugadors, etc.<\/p>\n\n\n\n<p>Estan convidats a participar en aquest simposi tant investigadors com professionals del sector. En aquest sentit, s\u00f3n benvingudes les contribucions sobre tots els seg\u00fcents temes, entre d&#8217;altres relacionats:<\/p>\n\n\n\n<ul class=\"wp-block-list\">\n<li>Marcs de disseny de videojocs<\/li>\n\n\n\n<li>Bones pr\u00e0ctiques<\/li>\n\n\n\n<li>Estudis d&#8217;usuaris<\/li>\n\n\n\n<li>M\u00e8triques i an\u00e0lisi<\/li>\n\n\n\n<li>Estrat\u00e8gies de monetitzaci\u00f3<\/li>\n\n\n\n<li>Estrat\u00e8gies de comunicaci\u00f3 i m\u00e0rqueting<\/li>\n\n\n\n<li>Garantia de qualitat (QA)<\/li>\n\n\n\n<li>Enginyeria de programari<\/li>\n\n\n\n<li>Gesti\u00f3 de projectes<\/li>\n\n\n\n<li>Integraci\u00f3 amb noves tecnologies<\/li>\n\n\n\n<li>Post-mortems<\/li>\n\n\n\n<li>Particularitats est\u00e8tiques dels videojocs indie (<em>aesthetics<\/em>)<\/li>\n\n\n\n<li>Narrativa en videojocs indie<\/li>\n\n\n\n<li>Perspectives hist\u00f2riques al voltant del videojoc indie<\/li>\n<\/ul>\n\n\n\n<p>Si b\u00e9 l\u2019\u00e8mfasi est\u00e0 en la ind\u00fastria independent, tots els actors de la ind\u00fastria del videojoc en general que vulguin aportar la seva visi\u00f3 sobre aquests aspectes, estan convidats a participar i enviar contribucions.<\/p>\n","protected":false},"excerpt":{"rendered":"<p>Ens satisf\u00e0 anunciar la celebraci\u00f3 de la segona edici\u00f3 del &#8220;Simposi sobre Investigaci\u00f3 a la Ind\u00fastria Indie del Videojoc&#8220; (I3V 2025) el pr\u00f2xim 12 de desembre, a Terrassa (Espanya), com acte paral\u00b7lel al &#8220;INDIE GAMES TRS&#8220;, un esdeveniment d\u2019acc\u00e9s lliure que servir\u00e0 com punt de trobada per tota l&#8217;escena independent del videojoc espanyol. Aquest simposi &#8230; <a title=\"Home\" class=\"read-more\" href=\"https:\/\/i3v.citm.upc.edu\/\" aria-label=\"M\u00e9s informaci\u00f3 sobre Home\">Read more<\/a><\/p>\n","protected":false},"author":1,"featured_media":0,"parent":0,"menu_order":0,"comment_status":"closed","ping_status":"closed","template":"","meta":{"footnotes":""},"class_list":["post-50","page","type-page","status-publish"],"yoast_head":"<!-- This site is optimized with the Yoast SEO plugin v26.4 - https:\/\/yoast.com\/wordpress\/plugins\/seo\/ -->\n<title>Home - I3V 2025<\/title>\n<meta name=\"description\" content=\"Segon Simposi sobre Investigaci\u00f3 a la Ind\u00fastria Indie del Videojoc - I3V 2025 - Organitzat per CITM-UPC i DiCode, es portar\u00e0 a terme el 12 de desembre de 2025.\" \/>\n<meta name=\"robots\" content=\"index, follow, max-snippet:-1, max-image-preview:large, max-video-preview:-1\" \/>\n<link rel=\"canonical\" href=\"https:\/\/i3v.citm.upc.edu\/\" \/>\n<meta property=\"og:locale\" content=\"ca_ES\" \/>\n<meta property=\"og:type\" content=\"article\" \/>\n<meta property=\"og:title\" content=\"Home - I3V 2025\" \/>\n<meta property=\"og:description\" content=\"Segon Simposi sobre Investigaci\u00f3 a la Ind\u00fastria Indie del Videojoc - I3V 2025 - Organitzat per CITM-UPC i DiCode, es portar\u00e0 a terme el 12 de desembre de 2025.\" \/>\n<meta property=\"og:url\" content=\"https:\/\/i3v.citm.upc.edu\/\" \/>\n<meta property=\"og:site_name\" content=\"I3V 2025\" \/>\n<meta property=\"article:modified_time\" content=\"2025-11-26T10:44:02+00:00\" \/>\n<meta name=\"twitter:card\" content=\"summary_large_image\" \/>\n<meta name=\"twitter:label1\" content=\"Temps estimat de lectura\" \/>\n\t<meta name=\"twitter:data1\" content=\"3 minuts\" \/>\n<script type=\"application\/ld+json\" class=\"yoast-schema-graph\">{\"@context\":\"https:\/\/schema.org\",\"@graph\":[{\"@type\":\"WebPage\",\"@id\":\"https:\/\/i3v.citm.upc.edu\/\",\"url\":\"https:\/\/i3v.citm.upc.edu\/\",\"name\":\"Home - I3V 2025\",\"isPartOf\":{\"@id\":\"https:\/\/i3v.citm.upc.edu\/#website\"},\"datePublished\":\"2023-04-28T08:54:26+00:00\",\"dateModified\":\"2025-11-26T10:44:02+00:00\",\"description\":\"Segon Simposi sobre Investigaci\u00f3 a la Ind\u00fastria Indie del Videojoc - I3V 2025 - Organitzat per CITM-UPC i DiCode, es portar\u00e0 a terme el 12 de desembre de 2025.\",\"breadcrumb\":{\"@id\":\"https:\/\/i3v.citm.upc.edu\/#breadcrumb\"},\"inLanguage\":\"ca\",\"potentialAction\":[{\"@type\":\"ReadAction\",\"target\":[\"https:\/\/i3v.citm.upc.edu\/\"]}]},{\"@type\":\"BreadcrumbList\",\"@id\":\"https:\/\/i3v.citm.upc.edu\/#breadcrumb\",\"itemListElement\":[{\"@type\":\"ListItem\",\"position\":1,\"name\":\"Inici\",\"item\":\"https:\/\/i3v.citm.upc.edu\/\"},{\"@type\":\"ListItem\",\"position\":2,\"name\":\"Home\"}]},{\"@type\":\"WebSite\",\"@id\":\"https:\/\/i3v.citm.upc.edu\/#website\",\"url\":\"https:\/\/i3v.citm.upc.edu\/\",\"name\":\"I3V 2025\",\"description\":\"I3V 2025 \u2013 2n Simposi sobre Investigaci\u00f3 a la Ind\u00fastria Indie del Videojoc\",\"publisher\":{\"@id\":\"https:\/\/i3v.citm.upc.edu\/#organization\"},\"potentialAction\":[{\"@type\":\"SearchAction\",\"target\":{\"@type\":\"EntryPoint\",\"urlTemplate\":\"https:\/\/i3v.citm.upc.edu\/?s={search_term_string}\"},\"query-input\":{\"@type\":\"PropertyValueSpecification\",\"valueRequired\":true,\"valueName\":\"search_term_string\"}}],\"inLanguage\":\"ca\"},{\"@type\":\"Organization\",\"@id\":\"https:\/\/i3v.citm.upc.edu\/#organization\",\"name\":\"I3V 2025\",\"url\":\"https:\/\/i3v.citm.upc.edu\/\",\"logo\":{\"@type\":\"ImageObject\",\"inLanguage\":\"ca\",\"@id\":\"https:\/\/i3v.citm.upc.edu\/#\/schema\/logo\/image\/\",\"url\":\"https:\/\/i3v.citm.upc.edu\/wp-content\/uploads\/2025\/11\/img-i3v-1.png\",\"contentUrl\":\"https:\/\/i3v.citm.upc.edu\/wp-content\/uploads\/2025\/11\/img-i3v-1.png\",\"width\":983,\"height\":495,\"caption\":\"I3V 2025\"},\"image\":{\"@id\":\"https:\/\/i3v.citm.upc.edu\/#\/schema\/logo\/image\/\"}}]}<\/script>\n<!-- \/ Yoast SEO plugin. -->","yoast_head_json":{"title":"Home - I3V 2025","description":"Segon Simposi sobre Investigaci\u00f3 a la Ind\u00fastria Indie del Videojoc - I3V 2025 - Organitzat per CITM-UPC i DiCode, es portar\u00e0 a terme el 12 de desembre de 2025.","robots":{"index":"index","follow":"follow","max-snippet":"max-snippet:-1","max-image-preview":"max-image-preview:large","max-video-preview":"max-video-preview:-1"},"canonical":"https:\/\/i3v.citm.upc.edu\/","og_locale":"ca_ES","og_type":"article","og_title":"Home - I3V 2025","og_description":"Segon Simposi sobre Investigaci\u00f3 a la Ind\u00fastria Indie del Videojoc - I3V 2025 - Organitzat per CITM-UPC i DiCode, es portar\u00e0 a terme el 12 de desembre de 2025.","og_url":"https:\/\/i3v.citm.upc.edu\/","og_site_name":"I3V 2025","article_modified_time":"2025-11-26T10:44:02+00:00","twitter_card":"summary_large_image","twitter_misc":{"Temps estimat de lectura":"3 minuts"},"schema":{"@context":"https:\/\/schema.org","@graph":[{"@type":"WebPage","@id":"https:\/\/i3v.citm.upc.edu\/","url":"https:\/\/i3v.citm.upc.edu\/","name":"Home - I3V 2025","isPartOf":{"@id":"https:\/\/i3v.citm.upc.edu\/#website"},"datePublished":"2023-04-28T08:54:26+00:00","dateModified":"2025-11-26T10:44:02+00:00","description":"Segon Simposi sobre Investigaci\u00f3 a la Ind\u00fastria Indie del Videojoc - I3V 2025 - Organitzat per CITM-UPC i DiCode, es portar\u00e0 a terme el 12 de desembre de 2025.","breadcrumb":{"@id":"https:\/\/i3v.citm.upc.edu\/#breadcrumb"},"inLanguage":"ca","potentialAction":[{"@type":"ReadAction","target":["https:\/\/i3v.citm.upc.edu\/"]}]},{"@type":"BreadcrumbList","@id":"https:\/\/i3v.citm.upc.edu\/#breadcrumb","itemListElement":[{"@type":"ListItem","position":1,"name":"Inici","item":"https:\/\/i3v.citm.upc.edu\/"},{"@type":"ListItem","position":2,"name":"Home"}]},{"@type":"WebSite","@id":"https:\/\/i3v.citm.upc.edu\/#website","url":"https:\/\/i3v.citm.upc.edu\/","name":"I3V 2025","description":"I3V 2025 \u2013 2n Simposi sobre Investigaci\u00f3 a la Ind\u00fastria Indie del Videojoc","publisher":{"@id":"https:\/\/i3v.citm.upc.edu\/#organization"},"potentialAction":[{"@type":"SearchAction","target":{"@type":"EntryPoint","urlTemplate":"https:\/\/i3v.citm.upc.edu\/?s={search_term_string}"},"query-input":{"@type":"PropertyValueSpecification","valueRequired":true,"valueName":"search_term_string"}}],"inLanguage":"ca"},{"@type":"Organization","@id":"https:\/\/i3v.citm.upc.edu\/#organization","name":"I3V 2025","url":"https:\/\/i3v.citm.upc.edu\/","logo":{"@type":"ImageObject","inLanguage":"ca","@id":"https:\/\/i3v.citm.upc.edu\/#\/schema\/logo\/image\/","url":"https:\/\/i3v.citm.upc.edu\/wp-content\/uploads\/2025\/11\/img-i3v-1.png","contentUrl":"https:\/\/i3v.citm.upc.edu\/wp-content\/uploads\/2025\/11\/img-i3v-1.png","width":983,"height":495,"caption":"I3V 2025"},"image":{"@id":"https:\/\/i3v.citm.upc.edu\/#\/schema\/logo\/image\/"}}]}},"_links":{"self":[{"href":"https:\/\/i3v.citm.upc.edu\/index.php?rest_route=\/wp\/v2\/pages\/50","targetHints":{"allow":["GET"]}}],"collection":[{"href":"https:\/\/i3v.citm.upc.edu\/index.php?rest_route=\/wp\/v2\/pages"}],"about":[{"href":"https:\/\/i3v.citm.upc.edu\/index.php?rest_route=\/wp\/v2\/types\/page"}],"author":[{"embeddable":true,"href":"https:\/\/i3v.citm.upc.edu\/index.php?rest_route=\/wp\/v2\/users\/1"}],"replies":[{"embeddable":true,"href":"https:\/\/i3v.citm.upc.edu\/index.php?rest_route=%2Fwp%2Fv2%2Fcomments&post=50"}],"version-history":[{"count":7,"href":"https:\/\/i3v.citm.upc.edu\/index.php?rest_route=\/wp\/v2\/pages\/50\/revisions"}],"predecessor-version":[{"id":380,"href":"https:\/\/i3v.citm.upc.edu\/index.php?rest_route=\/wp\/v2\/pages\/50\/revisions\/380"}],"wp:attachment":[{"href":"https:\/\/i3v.citm.upc.edu\/index.php?rest_route=%2Fwp%2Fv2%2Fmedia&parent=50"}],"curies":[{"name":"wp","href":"https:\/\/api.w.org\/{rel}","templated":true}]}}