{"id":24,"date":"2023-04-28T10:40:59","date_gmt":"2023-04-28T08:40:59","guid":{"rendered":"https:\/\/i3v.citm.upc.edu\/?page_id=24"},"modified":"2025-12-02T18:22:33","modified_gmt":"2025-12-02T16:22:33","slug":"keynotes","status":"publish","type":"page","link":"https:\/\/i3v.citm.upc.edu\/?page_id=24","title":{"rendered":"Keynote"},"content":{"rendered":"\n<p class=\"has-medium-font-size\"><strong>Luca Carrubba<\/strong><\/p>\n\n\n\n<p><strong>Del <em>Indiepocalypse<\/em> al <em>Indieverse<\/em>: salt de format cap a una creaci\u00f3 sostenible<\/strong><\/p>\n\n\n<div class=\"wp-block-image\">\n<figure class=\"alignleft size-full is-resized\"><img loading=\"lazy\" decoding=\"async\" width=\"824\" height=\"786\" src=\"https:\/\/i3v.citm.upc.edu\/wp-content\/uploads\/2025\/12\/Luca-Carrubba.jpg\" alt=\"\" class=\"wp-image-497\" style=\"width:178px;height:auto\" srcset=\"https:\/\/i3v.citm.upc.edu\/wp-content\/uploads\/2025\/12\/Luca-Carrubba.jpg 824w, https:\/\/i3v.citm.upc.edu\/wp-content\/uploads\/2025\/12\/Luca-Carrubba-300x286.jpg 300w, https:\/\/i3v.citm.upc.edu\/wp-content\/uploads\/2025\/12\/Luca-Carrubba-768x733.jpg 768w\" sizes=\"auto, (max-width: 824px) 100vw, 824px\" \/><\/figure>\n<\/div>\n\n\n<p class=\"has-text-align-left\">El concepte de <em>Indiepocalypse<\/em> ressona de nou en la ind\u00fastria del videojoc, evidenciant una crisi estructural que va m\u00e9s enll\u00e0 de la simple saturaci\u00f3 del mercat. Enfront d&#8217;aquest panorama, la pon\u00e8ncia explora la necessitat d&#8217;un &#8220;salt de format&#8221;, an\u00e0leg a les transformacions que altres mitjans han experimentat en moments d&#8217;inflexi\u00f3, com una via per a reimaginar el futur del sector. A trav\u00e9s de la presentaci\u00f3 d&#8217;una s\u00e8rie de &#8216;prototips&#8217; conceptuals, es proposa un debat sobre noves maneres de crear, distribuir i consumir videojocs. L&#8217;objectiu no \u00e9s oferir respostes definitives, sin\u00f3 plantejar preguntes clau i proposar un marc de treball per a un ecosistema indie m\u00e9s divers, resilient i sostenible: un <em>indieverse<\/em>.<\/p>\n\n\n\n<p class=\"has-text-align-left\">Luca Carrubba \u00e9s investigador, docent i especialista en cultura digital. Treballa en la intersecci\u00f3 entre art, tecnologia, disseny i videojocs. Doctor en art per la Universitat de Barcelona, \u00e9s codirector de ArsGames, participa en el debat internacional sobre <em>Games Studies<\/em> amb confer\u00e8ncies i articles sobre els videojocs com a espais d&#8217;experimentaci\u00f3 i transformaci\u00f3 social. Col\u00b7labora amb museus, centres culturals i universitats, combinant la recerca te\u00f2rica amb la creaci\u00f3 de jocs i altres artefactes digitals orientats a repensar com vivim junts.<\/p>\n\n\n\n<p><\/p>\n\n\n\n<p><\/p>\n\n\n\n<p><\/p>\n\n\n\n<p><\/p>\n","protected":false},"excerpt":{"rendered":"<p>Luca Carrubba Del Indiepocalypse al Indieverse: salt de format cap a una creaci\u00f3 sostenible El concepte de Indiepocalypse ressona de nou en la ind\u00fastria del videojoc, evidenciant una crisi estructural que va m\u00e9s enll\u00e0 de la simple saturaci\u00f3 del mercat. Enfront d&#8217;aquest panorama, la pon\u00e8ncia explora la necessitat d&#8217;un &#8220;salt de format&#8221;, an\u00e0leg a les &#8230; <a title=\"Keynote\" class=\"read-more\" href=\"https:\/\/i3v.citm.upc.edu\/?page_id=24\" aria-label=\"M\u00e9s informaci\u00f3 sobre Keynote\">Read more<\/a><\/p>\n","protected":false},"author":1,"featured_media":0,"parent":0,"menu_order":0,"comment_status":"closed","ping_status":"closed","template":"","meta":{"footnotes":""},"class_list":["post-24","page","type-page","status-publish"],"yoast_head":"<!-- This site is optimized with the Yoast SEO plugin v26.4 - https:\/\/yoast.com\/wordpress\/plugins\/seo\/ -->\n<title>Keynote - I3V 2025<\/title>\n<meta name=\"robots\" content=\"index, follow, max-snippet:-1, max-image-preview:large, max-video-preview:-1\" \/>\n<link rel=\"canonical\" href=\"https:\/\/i3v.citm.upc.edu\/?page_id=24\" \/>\n<meta property=\"og:locale\" content=\"ca_ES\" \/>\n<meta property=\"og:type\" content=\"article\" \/>\n<meta property=\"og:title\" content=\"Keynote - I3V 2025\" \/>\n<meta property=\"og:description\" content=\"Luca Carrubba Del Indiepocalypse al Indieverse: salt de format cap a una creaci\u00f3 sostenible El concepte de Indiepocalypse ressona de nou en la ind\u00fastria del videojoc, evidenciant una crisi estructural que va m\u00e9s enll\u00e0 de la simple saturaci\u00f3 del mercat. Enfront d&#8217;aquest panorama, la pon\u00e8ncia explora la necessitat d&#8217;un &#8220;salt de format&#8221;, an\u00e0leg a les ... Read more\" \/>\n<meta property=\"og:url\" content=\"https:\/\/i3v.citm.upc.edu\/?page_id=24\" \/>\n<meta property=\"og:site_name\" content=\"I3V 2025\" \/>\n<meta property=\"article:modified_time\" content=\"2025-12-02T16:22:33+00:00\" \/>\n<meta property=\"og:image\" content=\"https:\/\/i3v.citm.upc.edu\/wp-content\/uploads\/2025\/12\/Luca-Carrubba.jpg\" \/>\n\t<meta property=\"og:image:width\" content=\"824\" \/>\n\t<meta property=\"og:image:height\" content=\"786\" \/>\n\t<meta property=\"og:image:type\" content=\"image\/jpeg\" \/>\n<meta name=\"twitter:card\" content=\"summary_large_image\" \/>\n<meta name=\"twitter:label1\" content=\"Temps estimat de lectura\" \/>\n\t<meta name=\"twitter:data1\" content=\"2 minuts\" \/>\n<script type=\"application\/ld+json\" class=\"yoast-schema-graph\">{\"@context\":\"https:\/\/schema.org\",\"@graph\":[{\"@type\":\"WebPage\",\"@id\":\"https:\/\/i3v.citm.upc.edu\/?page_id=24\",\"url\":\"https:\/\/i3v.citm.upc.edu\/?page_id=24\",\"name\":\"Keynote - I3V 2025\",\"isPartOf\":{\"@id\":\"https:\/\/i3v.citm.upc.edu\/#website\"},\"primaryImageOfPage\":{\"@id\":\"https:\/\/i3v.citm.upc.edu\/?page_id=24#primaryimage\"},\"image\":{\"@id\":\"https:\/\/i3v.citm.upc.edu\/?page_id=24#primaryimage\"},\"thumbnailUrl\":\"https:\/\/i3v.citm.upc.edu\/wp-content\/uploads\/2025\/12\/Luca-Carrubba.jpg\",\"datePublished\":\"2023-04-28T08:40:59+00:00\",\"dateModified\":\"2025-12-02T16:22:33+00:00\",\"breadcrumb\":{\"@id\":\"https:\/\/i3v.citm.upc.edu\/?page_id=24#breadcrumb\"},\"inLanguage\":\"ca\",\"potentialAction\":[{\"@type\":\"ReadAction\",\"target\":[\"https:\/\/i3v.citm.upc.edu\/?page_id=24\"]}]},{\"@type\":\"ImageObject\",\"inLanguage\":\"ca\",\"@id\":\"https:\/\/i3v.citm.upc.edu\/?page_id=24#primaryimage\",\"url\":\"https:\/\/i3v.citm.upc.edu\/wp-content\/uploads\/2025\/12\/Luca-Carrubba.jpg\",\"contentUrl\":\"https:\/\/i3v.citm.upc.edu\/wp-content\/uploads\/2025\/12\/Luca-Carrubba.jpg\",\"width\":824,\"height\":786},{\"@type\":\"BreadcrumbList\",\"@id\":\"https:\/\/i3v.citm.upc.edu\/?page_id=24#breadcrumb\",\"itemListElement\":[{\"@type\":\"ListItem\",\"position\":1,\"name\":\"Inici\",\"item\":\"https:\/\/i3v.citm.upc.edu\/\"},{\"@type\":\"ListItem\",\"position\":2,\"name\":\"Keynote\"}]},{\"@type\":\"WebSite\",\"@id\":\"https:\/\/i3v.citm.upc.edu\/#website\",\"url\":\"https:\/\/i3v.citm.upc.edu\/\",\"name\":\"I3V 2025\",\"description\":\"I3V 2025 \u2013 2n Simposi sobre Investigaci\u00f3 a la Ind\u00fastria Indie del Videojoc\",\"publisher\":{\"@id\":\"https:\/\/i3v.citm.upc.edu\/#organization\"},\"potentialAction\":[{\"@type\":\"SearchAction\",\"target\":{\"@type\":\"EntryPoint\",\"urlTemplate\":\"https:\/\/i3v.citm.upc.edu\/?s={search_term_string}\"},\"query-input\":{\"@type\":\"PropertyValueSpecification\",\"valueRequired\":true,\"valueName\":\"search_term_string\"}}],\"inLanguage\":\"ca\"},{\"@type\":\"Organization\",\"@id\":\"https:\/\/i3v.citm.upc.edu\/#organization\",\"name\":\"I3V 2025\",\"url\":\"https:\/\/i3v.citm.upc.edu\/\",\"logo\":{\"@type\":\"ImageObject\",\"inLanguage\":\"ca\",\"@id\":\"https:\/\/i3v.citm.upc.edu\/#\/schema\/logo\/image\/\",\"url\":\"https:\/\/i3v.citm.upc.edu\/wp-content\/uploads\/2025\/11\/img-i3v-1.png\",\"contentUrl\":\"https:\/\/i3v.citm.upc.edu\/wp-content\/uploads\/2025\/11\/img-i3v-1.png\",\"width\":983,\"height\":495,\"caption\":\"I3V 2025\"},\"image\":{\"@id\":\"https:\/\/i3v.citm.upc.edu\/#\/schema\/logo\/image\/\"}}]}<\/script>\n<!-- \/ Yoast SEO plugin. -->","yoast_head_json":{"title":"Keynote - I3V 2025","robots":{"index":"index","follow":"follow","max-snippet":"max-snippet:-1","max-image-preview":"max-image-preview:large","max-video-preview":"max-video-preview:-1"},"canonical":"https:\/\/i3v.citm.upc.edu\/?page_id=24","og_locale":"ca_ES","og_type":"article","og_title":"Keynote - I3V 2025","og_description":"Luca Carrubba Del Indiepocalypse al Indieverse: salt de format cap a una creaci\u00f3 sostenible El concepte de Indiepocalypse ressona de nou en la ind\u00fastria del videojoc, evidenciant una crisi estructural que va m\u00e9s enll\u00e0 de la simple saturaci\u00f3 del mercat. Enfront d&#8217;aquest panorama, la pon\u00e8ncia explora la necessitat d&#8217;un &#8220;salt de format&#8221;, an\u00e0leg a les ... Read more","og_url":"https:\/\/i3v.citm.upc.edu\/?page_id=24","og_site_name":"I3V 2025","article_modified_time":"2025-12-02T16:22:33+00:00","og_image":[{"width":824,"height":786,"url":"https:\/\/i3v.citm.upc.edu\/wp-content\/uploads\/2025\/12\/Luca-Carrubba.jpg","type":"image\/jpeg"}],"twitter_card":"summary_large_image","twitter_misc":{"Temps estimat de lectura":"2 minuts"},"schema":{"@context":"https:\/\/schema.org","@graph":[{"@type":"WebPage","@id":"https:\/\/i3v.citm.upc.edu\/?page_id=24","url":"https:\/\/i3v.citm.upc.edu\/?page_id=24","name":"Keynote - I3V 2025","isPartOf":{"@id":"https:\/\/i3v.citm.upc.edu\/#website"},"primaryImageOfPage":{"@id":"https:\/\/i3v.citm.upc.edu\/?page_id=24#primaryimage"},"image":{"@id":"https:\/\/i3v.citm.upc.edu\/?page_id=24#primaryimage"},"thumbnailUrl":"https:\/\/i3v.citm.upc.edu\/wp-content\/uploads\/2025\/12\/Luca-Carrubba.jpg","datePublished":"2023-04-28T08:40:59+00:00","dateModified":"2025-12-02T16:22:33+00:00","breadcrumb":{"@id":"https:\/\/i3v.citm.upc.edu\/?page_id=24#breadcrumb"},"inLanguage":"ca","potentialAction":[{"@type":"ReadAction","target":["https:\/\/i3v.citm.upc.edu\/?page_id=24"]}]},{"@type":"ImageObject","inLanguage":"ca","@id":"https:\/\/i3v.citm.upc.edu\/?page_id=24#primaryimage","url":"https:\/\/i3v.citm.upc.edu\/wp-content\/uploads\/2025\/12\/Luca-Carrubba.jpg","contentUrl":"https:\/\/i3v.citm.upc.edu\/wp-content\/uploads\/2025\/12\/Luca-Carrubba.jpg","width":824,"height":786},{"@type":"BreadcrumbList","@id":"https:\/\/i3v.citm.upc.edu\/?page_id=24#breadcrumb","itemListElement":[{"@type":"ListItem","position":1,"name":"Inici","item":"https:\/\/i3v.citm.upc.edu\/"},{"@type":"ListItem","position":2,"name":"Keynote"}]},{"@type":"WebSite","@id":"https:\/\/i3v.citm.upc.edu\/#website","url":"https:\/\/i3v.citm.upc.edu\/","name":"I3V 2025","description":"I3V 2025 \u2013 2n Simposi sobre Investigaci\u00f3 a la Ind\u00fastria Indie del Videojoc","publisher":{"@id":"https:\/\/i3v.citm.upc.edu\/#organization"},"potentialAction":[{"@type":"SearchAction","target":{"@type":"EntryPoint","urlTemplate":"https:\/\/i3v.citm.upc.edu\/?s={search_term_string}"},"query-input":{"@type":"PropertyValueSpecification","valueRequired":true,"valueName":"search_term_string"}}],"inLanguage":"ca"},{"@type":"Organization","@id":"https:\/\/i3v.citm.upc.edu\/#organization","name":"I3V 2025","url":"https:\/\/i3v.citm.upc.edu\/","logo":{"@type":"ImageObject","inLanguage":"ca","@id":"https:\/\/i3v.citm.upc.edu\/#\/schema\/logo\/image\/","url":"https:\/\/i3v.citm.upc.edu\/wp-content\/uploads\/2025\/11\/img-i3v-1.png","contentUrl":"https:\/\/i3v.citm.upc.edu\/wp-content\/uploads\/2025\/11\/img-i3v-1.png","width":983,"height":495,"caption":"I3V 2025"},"image":{"@id":"https:\/\/i3v.citm.upc.edu\/#\/schema\/logo\/image\/"}}]}},"_links":{"self":[{"href":"https:\/\/i3v.citm.upc.edu\/index.php?rest_route=\/wp\/v2\/pages\/24","targetHints":{"allow":["GET"]}}],"collection":[{"href":"https:\/\/i3v.citm.upc.edu\/index.php?rest_route=\/wp\/v2\/pages"}],"about":[{"href":"https:\/\/i3v.citm.upc.edu\/index.php?rest_route=\/wp\/v2\/types\/page"}],"author":[{"embeddable":true,"href":"https:\/\/i3v.citm.upc.edu\/index.php?rest_route=\/wp\/v2\/users\/1"}],"replies":[{"embeddable":true,"href":"https:\/\/i3v.citm.upc.edu\/index.php?rest_route=%2Fwp%2Fv2%2Fcomments&post=24"}],"version-history":[{"count":10,"href":"https:\/\/i3v.citm.upc.edu\/index.php?rest_route=\/wp\/v2\/pages\/24\/revisions"}],"predecessor-version":[{"id":512,"href":"https:\/\/i3v.citm.upc.edu\/index.php?rest_route=\/wp\/v2\/pages\/24\/revisions\/512"}],"wp:attachment":[{"href":"https:\/\/i3v.citm.upc.edu\/index.php?rest_route=%2Fwp%2Fv2%2Fmedia&parent=24"}],"curies":[{"name":"wp","href":"https:\/\/api.w.org\/{rel}","templated":true}]}}