{"id":23,"date":"2023-04-28T10:40:59","date_gmt":"2023-04-28T08:40:59","guid":{"rendered":"https:\/\/i3v.citm.upc.edu\/?page_id=23"},"modified":"2025-12-11T20:27:15","modified_gmt":"2025-12-11T18:27:15","slug":"programa","status":"publish","type":"page","link":"https:\/\/i3v.citm.upc.edu\/?page_id=23","title":{"rendered":"Programa"},"content":{"rendered":"\n<figure class=\"wp-block-table\"><table class=\"has-fixed-layout\"><tbody><tr><td>9:00 &#8211; 9:15<\/td><td><strong>Obertura i benvinguda<\/strong><\/td><\/tr><tr><td>9:15 &#8211; 9:45<\/td><td><strong>Keynote<\/strong><\/td><\/tr><tr><td>9:45 \u2013 10:20<\/td><td><strong>Sessi\u00f3 1<\/strong><br><em>Visions hist\u00f2riques<\/em><\/td><\/tr><tr><td>10:20 \u2013 11:15<\/td><td><strong>Sessi\u00f3 2<\/strong><br><em>Bones pr\u00e0ctiques i personalitzaci\u00f3<\/em><\/td><\/tr><tr><td>11:15 \u201311: 45<\/td><td>PAUSA<\/td><\/tr><tr><td>11:45 \u2013 12:45<\/td><td><strong>Sessi\u00f3 3<\/strong><br><em>Videojocs i educaci\u00f3<\/em><\/td><\/tr><tr><td>12:45 \u2013 13:45<\/td><td><strong>Sessi\u00f3 4<\/strong><br><em>Est\u00e8tiques i narratives del videojoc<\/em><\/td><\/tr><tr><td>13:45<\/td><td><strong>Tancament<\/strong><\/td><\/tr><\/tbody><\/table><\/figure>\n\n\n\n<p><strong>Llistat de treballs<\/strong><\/p>\n\n\n\n<p><em>Sessi\u00f3 I \u2013 <em>Visions hist\u00f2riques<\/em><\/em>\u00a0[Moderadora: Maria Pag\u00e9s]<\/p>\n\n\n\n<ul class=\"wp-block-list\">\n<li>Spanish retro-indie point-and-click graphic adventures. Design and creators&#8217; discourse analysis.&nbsp;<em>[Ponent: Daniel Rissech]<\/em><\/li>\n\n\n\n<li>\u00bfIndie para qui\u00e9n? Evoluci\u00f3n y expectativas ideol\u00f3gicas en la producci\u00f3n de videojuegos independiente&nbsp;<em>[Ponent: Tom\u00e1s Grau]<\/em><\/li>\n<\/ul>\n\n\n\n<p><em>Sessi\u00f3 II \u2013 <em>Bones pr\u00e0ctiques i personalitzaci\u00f3<\/em><\/em>\u00a0[Moderador: Bruno Caldas]<\/p>\n\n\n\n<ul class=\"wp-block-list\">\n<li>Adapting Games To Player Taxonomy&nbsp;<em>[Ponent: Sergi Colomer]<\/em><\/li>\n\n\n\n<li>El ecosistema del videojuego contempor\u00e1neo: colaboraci\u00f3n, cultura, y estrategias de sostenibilidad en la era de la sobreoferta&nbsp;<em>[Ponent: Alfonso de la Fuente Ruiz]<\/em><\/li>\n\n\n\n<li>M\u00fasica y sonido en Super Smash Bros. Ultimate: an\u00e1lisis funcional del dise\u00f1o sonoro y su papel en la experiencia inmersiva&nbsp;<em>[Ponent: Ruth S. Contreras-Espinosa i Adrien Faure-Carvallo]<\/em><\/li>\n<\/ul>\n\n\n\n<p><em>Sessi\u00f3 III \u2013 <em>Videojocs i educaci\u00f3<\/em><\/em>\u00a0[Moderadora: Bea Mart\u00ednez]<\/p>\n\n\n\n<ul class=\"wp-block-list\">\n<li>Perspectivas del videojuego indie y la gamificaci\u00f3n educativa: hacia un modelo de \u201cgamificaci\u00f3n indie\u201d para el aprendizaje significativo&nbsp;<em>[Ponent: \u00c0lvaro Arias-Espinoza]<\/em><\/li>\n\n\n\n<li>Video Games in Upper Primary Education: A Competency-Based Learning Proposal Built Around Five Core Skills<em>&nbsp;[Ponent: Cristina Olivas]<\/em><\/li>\n\n\n\n<li>Independent Development of an Adaptive Educational Video Game for Learning Programming<em>&nbsp;[Ponent: Oscar Garcia Subirana, Antoni Perez-Poch i Marta Fern\u00e1ndez Ruiz]<\/em><\/li>\n<\/ul>\n\n\n\n<p><em>Sessi\u00f3 IV \u2013 <em>Est\u00e8tiques i narratives del videojoc<\/em><\/em>\u00a0[Moderador: Tom\u00e1s Grau]<\/p>\n\n\n\n<ul class=\"wp-block-list\">\n<li>Habitar sin conquistar: Hacia un pensamiento ecol\u00f3gico en el dise\u00f1o de videojuegos&nbsp;<em>[Ponent: Seraf\u00edn \u00c1lvarez]<\/em><\/li>\n\n\n\n<li>Do heroines travel too or only heroes? The expiration of the \u201cHero\u2019s Journey\u201d in the field of video games<em>\u00a0[Ponent: Maria Pag\u00e8s]<\/em><\/li>\n<\/ul>\n\n\n\n<p><\/p>\n","protected":false},"excerpt":{"rendered":"<p>9:00 &#8211; 9:15 Obertura i benvinguda 9:15 &#8211; 9:45 Keynote 9:45 \u2013 10:20 Sessi\u00f3 1Visions hist\u00f2riques 10:20 \u2013 11:15 Sessi\u00f3 2Bones pr\u00e0ctiques i personalitzaci\u00f3 11:15 \u201311: 45 PAUSA 11:45 \u2013 12:45 Sessi\u00f3 3Videojocs i educaci\u00f3 12:45 \u2013 13:45 Sessi\u00f3 4Est\u00e8tiques i narratives del videojoc 13:45 Tancament Llistat de treballs Sessi\u00f3 I \u2013 Visions hist\u00f2riques\u00a0[Moderadora: Maria &#8230; <a title=\"Programa\" class=\"read-more\" href=\"https:\/\/i3v.citm.upc.edu\/?page_id=23\" aria-label=\"M\u00e9s informaci\u00f3 sobre Programa\">Read more<\/a><\/p>\n","protected":false},"author":1,"featured_media":0,"parent":0,"menu_order":0,"comment_status":"closed","ping_status":"closed","template":"","meta":{"footnotes":""},"class_list":["post-23","page","type-page","status-publish"],"yoast_head":"<!-- This site is optimized with the Yoast SEO plugin v26.4 - https:\/\/yoast.com\/wordpress\/plugins\/seo\/ -->\n<title>Programa - I3V 2025<\/title>\n<meta name=\"description\" content=\"Segon Simposi sobre Investigaci\u00f3 a la Ind\u00fastria Indie del Videojoc - I3V 2025 - Organitzat per CITM-UPC i DiCode, es portar\u00e0 a terme el 12 de desembre de 2025.\" \/>\n<meta name=\"robots\" content=\"index, follow, max-snippet:-1, max-image-preview:large, max-video-preview:-1\" \/>\n<link rel=\"canonical\" href=\"https:\/\/i3v.citm.upc.edu\/?page_id=23\" \/>\n<meta property=\"og:locale\" content=\"ca_ES\" \/>\n<meta property=\"og:type\" content=\"article\" \/>\n<meta property=\"og:title\" content=\"Programa - I3V 2025\" \/>\n<meta property=\"og:description\" content=\"Segon Simposi sobre Investigaci\u00f3 a la Ind\u00fastria Indie del Videojoc - I3V 2025 - Organitzat per CITM-UPC i DiCode, es portar\u00e0 a terme el 12 de desembre de 2025.\" \/>\n<meta property=\"og:url\" content=\"https:\/\/i3v.citm.upc.edu\/?page_id=23\" \/>\n<meta property=\"og:site_name\" content=\"I3V 2025\" \/>\n<meta property=\"article:modified_time\" content=\"2025-12-11T18:27:15+00:00\" \/>\n<meta name=\"twitter:card\" content=\"summary_large_image\" \/>\n<meta name=\"twitter:label1\" content=\"Temps estimat de lectura\" \/>\n\t<meta name=\"twitter:data1\" content=\"2 minuts\" \/>\n<script type=\"application\/ld+json\" class=\"yoast-schema-graph\">{\"@context\":\"https:\/\/schema.org\",\"@graph\":[{\"@type\":\"WebPage\",\"@id\":\"https:\/\/i3v.citm.upc.edu\/?page_id=23\",\"url\":\"https:\/\/i3v.citm.upc.edu\/?page_id=23\",\"name\":\"Programa - I3V 2025\",\"isPartOf\":{\"@id\":\"https:\/\/i3v.citm.upc.edu\/#website\"},\"datePublished\":\"2023-04-28T08:40:59+00:00\",\"dateModified\":\"2025-12-11T18:27:15+00:00\",\"description\":\"Segon Simposi sobre Investigaci\u00f3 a la Ind\u00fastria Indie del Videojoc - I3V 2025 - Organitzat per CITM-UPC i DiCode, es portar\u00e0 a terme el 12 de desembre de 2025.\",\"breadcrumb\":{\"@id\":\"https:\/\/i3v.citm.upc.edu\/?page_id=23#breadcrumb\"},\"inLanguage\":\"ca\",\"potentialAction\":[{\"@type\":\"ReadAction\",\"target\":[\"https:\/\/i3v.citm.upc.edu\/?page_id=23\"]}]},{\"@type\":\"BreadcrumbList\",\"@id\":\"https:\/\/i3v.citm.upc.edu\/?page_id=23#breadcrumb\",\"itemListElement\":[{\"@type\":\"ListItem\",\"position\":1,\"name\":\"Inici\",\"item\":\"https:\/\/i3v.citm.upc.edu\/\"},{\"@type\":\"ListItem\",\"position\":2,\"name\":\"Programa\"}]},{\"@type\":\"WebSite\",\"@id\":\"https:\/\/i3v.citm.upc.edu\/#website\",\"url\":\"https:\/\/i3v.citm.upc.edu\/\",\"name\":\"I3V 2025\",\"description\":\"I3V 2025 \u2013 2n Simposi sobre Investigaci\u00f3 a la Ind\u00fastria Indie del Videojoc\",\"publisher\":{\"@id\":\"https:\/\/i3v.citm.upc.edu\/#organization\"},\"potentialAction\":[{\"@type\":\"SearchAction\",\"target\":{\"@type\":\"EntryPoint\",\"urlTemplate\":\"https:\/\/i3v.citm.upc.edu\/?s={search_term_string}\"},\"query-input\":{\"@type\":\"PropertyValueSpecification\",\"valueRequired\":true,\"valueName\":\"search_term_string\"}}],\"inLanguage\":\"ca\"},{\"@type\":\"Organization\",\"@id\":\"https:\/\/i3v.citm.upc.edu\/#organization\",\"name\":\"I3V 2025\",\"url\":\"https:\/\/i3v.citm.upc.edu\/\",\"logo\":{\"@type\":\"ImageObject\",\"inLanguage\":\"ca\",\"@id\":\"https:\/\/i3v.citm.upc.edu\/#\/schema\/logo\/image\/\",\"url\":\"https:\/\/i3v.citm.upc.edu\/wp-content\/uploads\/2025\/11\/img-i3v-1.png\",\"contentUrl\":\"https:\/\/i3v.citm.upc.edu\/wp-content\/uploads\/2025\/11\/img-i3v-1.png\",\"width\":983,\"height\":495,\"caption\":\"I3V 2025\"},\"image\":{\"@id\":\"https:\/\/i3v.citm.upc.edu\/#\/schema\/logo\/image\/\"}}]}<\/script>\n<!-- \/ Yoast SEO plugin. -->","yoast_head_json":{"title":"Programa - I3V 2025","description":"Segon Simposi sobre Investigaci\u00f3 a la Ind\u00fastria Indie del Videojoc - I3V 2025 - Organitzat per CITM-UPC i DiCode, es portar\u00e0 a terme el 12 de desembre de 2025.","robots":{"index":"index","follow":"follow","max-snippet":"max-snippet:-1","max-image-preview":"max-image-preview:large","max-video-preview":"max-video-preview:-1"},"canonical":"https:\/\/i3v.citm.upc.edu\/?page_id=23","og_locale":"ca_ES","og_type":"article","og_title":"Programa - I3V 2025","og_description":"Segon Simposi sobre Investigaci\u00f3 a la Ind\u00fastria Indie del Videojoc - I3V 2025 - Organitzat per CITM-UPC i DiCode, es portar\u00e0 a terme el 12 de desembre de 2025.","og_url":"https:\/\/i3v.citm.upc.edu\/?page_id=23","og_site_name":"I3V 2025","article_modified_time":"2025-12-11T18:27:15+00:00","twitter_card":"summary_large_image","twitter_misc":{"Temps estimat de lectura":"2 minuts"},"schema":{"@context":"https:\/\/schema.org","@graph":[{"@type":"WebPage","@id":"https:\/\/i3v.citm.upc.edu\/?page_id=23","url":"https:\/\/i3v.citm.upc.edu\/?page_id=23","name":"Programa - I3V 2025","isPartOf":{"@id":"https:\/\/i3v.citm.upc.edu\/#website"},"datePublished":"2023-04-28T08:40:59+00:00","dateModified":"2025-12-11T18:27:15+00:00","description":"Segon Simposi sobre Investigaci\u00f3 a la Ind\u00fastria Indie del Videojoc - I3V 2025 - Organitzat per CITM-UPC i DiCode, es portar\u00e0 a terme el 12 de desembre de 2025.","breadcrumb":{"@id":"https:\/\/i3v.citm.upc.edu\/?page_id=23#breadcrumb"},"inLanguage":"ca","potentialAction":[{"@type":"ReadAction","target":["https:\/\/i3v.citm.upc.edu\/?page_id=23"]}]},{"@type":"BreadcrumbList","@id":"https:\/\/i3v.citm.upc.edu\/?page_id=23#breadcrumb","itemListElement":[{"@type":"ListItem","position":1,"name":"Inici","item":"https:\/\/i3v.citm.upc.edu\/"},{"@type":"ListItem","position":2,"name":"Programa"}]},{"@type":"WebSite","@id":"https:\/\/i3v.citm.upc.edu\/#website","url":"https:\/\/i3v.citm.upc.edu\/","name":"I3V 2025","description":"I3V 2025 \u2013 2n Simposi sobre Investigaci\u00f3 a la Ind\u00fastria Indie del Videojoc","publisher":{"@id":"https:\/\/i3v.citm.upc.edu\/#organization"},"potentialAction":[{"@type":"SearchAction","target":{"@type":"EntryPoint","urlTemplate":"https:\/\/i3v.citm.upc.edu\/?s={search_term_string}"},"query-input":{"@type":"PropertyValueSpecification","valueRequired":true,"valueName":"search_term_string"}}],"inLanguage":"ca"},{"@type":"Organization","@id":"https:\/\/i3v.citm.upc.edu\/#organization","name":"I3V 2025","url":"https:\/\/i3v.citm.upc.edu\/","logo":{"@type":"ImageObject","inLanguage":"ca","@id":"https:\/\/i3v.citm.upc.edu\/#\/schema\/logo\/image\/","url":"https:\/\/i3v.citm.upc.edu\/wp-content\/uploads\/2025\/11\/img-i3v-1.png","contentUrl":"https:\/\/i3v.citm.upc.edu\/wp-content\/uploads\/2025\/11\/img-i3v-1.png","width":983,"height":495,"caption":"I3V 2025"},"image":{"@id":"https:\/\/i3v.citm.upc.edu\/#\/schema\/logo\/image\/"}}]}},"_links":{"self":[{"href":"https:\/\/i3v.citm.upc.edu\/index.php?rest_route=\/wp\/v2\/pages\/23","targetHints":{"allow":["GET"]}}],"collection":[{"href":"https:\/\/i3v.citm.upc.edu\/index.php?rest_route=\/wp\/v2\/pages"}],"about":[{"href":"https:\/\/i3v.citm.upc.edu\/index.php?rest_route=\/wp\/v2\/types\/page"}],"author":[{"embeddable":true,"href":"https:\/\/i3v.citm.upc.edu\/index.php?rest_route=\/wp\/v2\/users\/1"}],"replies":[{"embeddable":true,"href":"https:\/\/i3v.citm.upc.edu\/index.php?rest_route=%2Fwp%2Fv2%2Fcomments&post=23"}],"version-history":[{"count":23,"href":"https:\/\/i3v.citm.upc.edu\/index.php?rest_route=\/wp\/v2\/pages\/23\/revisions"}],"predecessor-version":[{"id":518,"href":"https:\/\/i3v.citm.upc.edu\/index.php?rest_route=\/wp\/v2\/pages\/23\/revisions\/518"}],"wp:attachment":[{"href":"https:\/\/i3v.citm.upc.edu\/index.php?rest_route=%2Fwp%2Fv2%2Fmedia&parent=23"}],"curies":[{"name":"wp","href":"https:\/\/api.w.org\/{rel}","templated":true}]}}