{"id":20,"date":"2023-04-28T10:40:59","date_gmt":"2023-04-28T08:40:59","guid":{"rendered":"https:\/\/i3v.citm.upc.edu\/?page_id=20"},"modified":"2025-11-26T12:47:59","modified_gmt":"2025-11-26T10:47:59","slug":"participacio","status":"publish","type":"page","link":"https:\/\/i3v.citm.upc.edu\/?page_id=20","title":{"rendered":"Participaci\u00f3"},"content":{"rendered":"\n<p>S\u2019accepten propostes tant provinents de la ind\u00fastria com de l\u2019acad\u00e8mia. Cal indicar clarament en el text de l\u2019apartat de resum (<em>abstract<\/em>) si es tracta d\u2019una contribuci\u00f3 provinent d\u2019ind\u00fastria o acad\u00e8mia. Els treballs poden estar redactats en catal\u00e0, castell\u00e0 o angl\u00e8s. Per idiomes diferents de l\u2019angl\u00e8s, caldr\u00e0 incloure l\u2019apartat de resum tamb\u00e9 en angl\u00e8s (els dos idiomes). El format de qualsevol enviament \u00e9s sempre en PDF, independentment del format de la plantilla emprada.<\/p>\n\n\n\n<p>Les contribucions acceptades seran incloses en el llibre d\u2019actes, publicat per&nbsp;<a href=\"https:\/\/upcommons.upc.edu\/congressos\" target=\"_blank\" rel=\"noreferrer noopener\">UPCommons<\/a>&nbsp;(indexat a Google Scholar). Vegeu tot seguit l\u2019apartat de \u201cProc\u00e9s d\u2019enviament de contribucions\u201d per veure els detalls de per participar en el simposi com a autor i ponent.<\/p>\n\n\n\n<p><strong>Plantilla de treball:<\/strong><\/p>\n\n\n\n<p>Per la redacci\u00f3 dels documents, cal emprar la plantilla d\u2019actes de congr\u00e9s (<em>proceedings<\/em>) dels&nbsp;<em>Lecture Notes in Computer Science<\/em>&nbsp;(LNCS) d\u2019Springer. Es poden trobar les instruccions i els enlla\u00e7os de desc\u00e0rrega de les plantilles en format Word i LaTEx&nbsp;<a href=\"https:\/\/www.springer.com\/gp\/computer-science\/lncs\/conference-proceedings-guidelines\" target=\"_blank\" rel=\"noreferrer noopener\">aqu\u00ed<\/a>&nbsp;(vegeu quadre inferior \u201c<em>Important downloads<\/em>\u201d).<\/p>\n\n\n\n<p><strong>Sistema d\u2019enviament de les contribucions:<\/strong><\/p>\n\n\n\n<p>El proc\u00e9s d\u2019enviament de treballs es fa a trav\u00e9s de la plataforma Easychair. Pitja&nbsp;<a href=\"https:\/\/easychair.org\/conferences\/?conf=i3v2025\" target=\"_blank\" rel=\"noreferrer noopener\"><strong>AQU\u00cd<\/strong><\/a>.<\/p>\n\n\n\n<p><strong>Registre d\u2019autors:<\/strong><\/p>\n\n\n\n<p><em>Com dur a terme el proc\u00e9s de confirmaci\u00f3 i registre es publicar\u00e0 m\u00e9s endavant.<\/em><\/p>\n\n\n\n<p><strong>Proc\u00e9s d\u2019enviament de contribucions:<\/strong><\/p>\n\n\n\n<p>El proc\u00e9s de redacci\u00f3 i revisi\u00f3 de les contribucions dur\u00e0 a terme en tres etapes.<\/p>\n\n\n\n<p><strong>Primer<\/strong>, es demana als autors que lliurin un document tipus resum (<em>abstract<\/em>) amb la seva proposta de treball i presentaci\u00f3 al simposi (vegeu data clau \u201c<em>Enviament del resum<\/em>\u201d). Aquest resum ha de ser an\u00f2nim.<\/p>\n\n\n\n<p>Cal indicar clarament en el text si es tracta d\u2019una contribuci\u00f3 provinent d\u2019ind\u00fastria o acad\u00e8mia. El document ha de seguir la plantilla establerta, per\u00f2 nom\u00e9s cal incloure el t\u00edtol, l\u2019apartat del resum i les paraules clau, sense necessitat de cap refer\u00e8ncia. Per garantir l\u2019anonimat de la revisi\u00f3 per parells, ometre els autors i afiliaci\u00f3. Mida aproximada, 500 paraules.&nbsp;<\/p>\n\n\n\n<p>Aquests resums seran revisats pel comit\u00e8 cient\u00edfic (vegeu data clau \u201c<em>Av\u00eds d\u2019acceptaci\u00f3 del resum<\/em>\u201d).<\/p>\n\n\n\n<p><strong>Segon<\/strong>, a partir d\u2019aquest proc\u00e9s de revisi\u00f3, aquelles contribucions acceptades estan convidades a ser presentades durant el simposi.&nbsp;<\/p>\n\n\n\n<p>Llavors, es convida els autors a, opcionalment, desenvolupar el seu resum en forma d\u2019<em>extended abstract<\/em>&nbsp;per ser publicats a les actes del simposi (vegeu data clau \u201cE<em>nviament de l&#8217;extended abstract<\/em>\u201d). La seva mida recomanada ha de ser entre 1500-2000 paraules, i un l\u00edmit estricte entre 2-5 p\u00e0gines. Cal incloure el nom i afiliaci\u00f3 dels autors.<\/p>\n\n\n\n<p><a href=\"https:\/\/www.allconferencealert.com\/blog\/difference-between-abstract-and-extended-abstract\/\" target=\"_blank\" rel=\"noreferrer noopener\">Quina \u00e9s la difer\u00e8ncia entre un&nbsp;<em>abstract<\/em>&nbsp;i un&nbsp;<em>extended abstract<\/em>?<\/a><\/p>\n\n\n\n<p>La naturalesa i estructura del document pot variar depenent de la seva naturalesa, provinent d\u2019ind\u00fastria o acad\u00e8mia. En el primer cas, s\u2019espera un format tipus informe t\u00e8cnic, basat en l\u2019experi\u00e8ncia pr\u00f2pia, i relacionat amb les \u00e0rees tem\u00e0tiques del simposi. En el segon cas, s\u2019esperen estudis, siguin qualitatius o quantitatius, sempre d\u2019acord amb els est\u00e0ndards de redacci\u00f3 cient\u00edfica.&nbsp;<\/p>\n\n\n\n<p>Aquests&nbsp;<em>extended abstracts<\/em>&nbsp;seran enviats i revisats de manera r\u00e0pida, nom\u00e9s per garantir que segueixen el format esperat i oferir una petita retroalimentaci\u00f3, o propostes de millora, en la redacci\u00f3.<\/p>\n\n\n\n<p>Tot i que aquest esdeveniment no requereix cap registre de pagament per part de tots els assistents (\u00e9s gratu\u00eft), s\u00ed que caldr\u00e0 que els autors de treballs acceptats&nbsp;confirmin l&#8217;assist\u00e8ncia&nbsp;amb antelaci\u00f3 un cop lliurat el seu treball. Un cop un treball sigui acceptat, des de l&#8217;organitzaci\u00f3 s&#8217;avisar\u00e0 als autors de com fer-ho.&nbsp;<\/p>\n","protected":false},"excerpt":{"rendered":"<p>S\u2019accepten propostes tant provinents de la ind\u00fastria com de l\u2019acad\u00e8mia. Cal indicar clarament en el text de l\u2019apartat de resum (abstract) si es tracta d\u2019una contribuci\u00f3 provinent d\u2019ind\u00fastria o acad\u00e8mia. Els treballs poden estar redactats en catal\u00e0, castell\u00e0 o angl\u00e8s. Per idiomes diferents de l\u2019angl\u00e8s, caldr\u00e0 incloure l\u2019apartat de resum tamb\u00e9 en angl\u00e8s (els dos &#8230; <a title=\"Participaci\u00f3\" class=\"read-more\" href=\"https:\/\/i3v.citm.upc.edu\/?page_id=20\" aria-label=\"M\u00e9s informaci\u00f3 sobre Participaci\u00f3\">Read more<\/a><\/p>\n","protected":false},"author":1,"featured_media":0,"parent":0,"menu_order":0,"comment_status":"closed","ping_status":"closed","template":"","meta":{"footnotes":""},"class_list":["post-20","page","type-page","status-publish"],"yoast_head":"<!-- This site is optimized with the Yoast SEO plugin v26.4 - https:\/\/yoast.com\/wordpress\/plugins\/seo\/ -->\n<title>Participaci\u00f3 - I3V 2025<\/title>\n<meta name=\"description\" content=\"Segon Simposi sobre Investigaci\u00f3 a la Ind\u00fastria Indie del Videojoc - I3V 2025 - Organitzat per CITM-UPC i DiCode, es portar\u00e0 a terme el 12 de desembre de 2025.\" \/>\n<meta name=\"robots\" content=\"index, follow, max-snippet:-1, max-image-preview:large, max-video-preview:-1\" \/>\n<link rel=\"canonical\" href=\"https:\/\/i3v.citm.upc.edu\/?page_id=20\" \/>\n<meta property=\"og:locale\" content=\"ca_ES\" \/>\n<meta property=\"og:type\" content=\"article\" \/>\n<meta property=\"og:title\" content=\"Participaci\u00f3 - I3V 2025\" \/>\n<meta property=\"og:description\" content=\"Segon Simposi sobre Investigaci\u00f3 a la Ind\u00fastria Indie del Videojoc - I3V 2025 - Organitzat per CITM-UPC i DiCode, es portar\u00e0 a terme el 12 de desembre de 2025.\" \/>\n<meta property=\"og:url\" content=\"https:\/\/i3v.citm.upc.edu\/?page_id=20\" \/>\n<meta property=\"og:site_name\" content=\"I3V 2025\" \/>\n<meta property=\"article:modified_time\" content=\"2025-11-26T10:47:59+00:00\" \/>\n<meta name=\"twitter:card\" content=\"summary_large_image\" \/>\n<meta name=\"twitter:label1\" content=\"Temps estimat de lectura\" \/>\n\t<meta name=\"twitter:data1\" content=\"3 minuts\" \/>\n<script type=\"application\/ld+json\" class=\"yoast-schema-graph\">{\"@context\":\"https:\/\/schema.org\",\"@graph\":[{\"@type\":\"WebPage\",\"@id\":\"https:\/\/i3v.citm.upc.edu\/?page_id=20\",\"url\":\"https:\/\/i3v.citm.upc.edu\/?page_id=20\",\"name\":\"Participaci\u00f3 - I3V 2025\",\"isPartOf\":{\"@id\":\"https:\/\/i3v.citm.upc.edu\/#website\"},\"datePublished\":\"2023-04-28T08:40:59+00:00\",\"dateModified\":\"2025-11-26T10:47:59+00:00\",\"description\":\"Segon Simposi sobre Investigaci\u00f3 a la Ind\u00fastria Indie del Videojoc - I3V 2025 - Organitzat per CITM-UPC i DiCode, es portar\u00e0 a terme el 12 de desembre de 2025.\",\"breadcrumb\":{\"@id\":\"https:\/\/i3v.citm.upc.edu\/?page_id=20#breadcrumb\"},\"inLanguage\":\"ca\",\"potentialAction\":[{\"@type\":\"ReadAction\",\"target\":[\"https:\/\/i3v.citm.upc.edu\/?page_id=20\"]}]},{\"@type\":\"BreadcrumbList\",\"@id\":\"https:\/\/i3v.citm.upc.edu\/?page_id=20#breadcrumb\",\"itemListElement\":[{\"@type\":\"ListItem\",\"position\":1,\"name\":\"Inici\",\"item\":\"https:\/\/i3v.citm.upc.edu\/\"},{\"@type\":\"ListItem\",\"position\":2,\"name\":\"Participaci\u00f3\"}]},{\"@type\":\"WebSite\",\"@id\":\"https:\/\/i3v.citm.upc.edu\/#website\",\"url\":\"https:\/\/i3v.citm.upc.edu\/\",\"name\":\"I3V 2025\",\"description\":\"I3V 2025 \u2013 2n Simposi sobre Investigaci\u00f3 a la Ind\u00fastria Indie del Videojoc\",\"publisher\":{\"@id\":\"https:\/\/i3v.citm.upc.edu\/#organization\"},\"potentialAction\":[{\"@type\":\"SearchAction\",\"target\":{\"@type\":\"EntryPoint\",\"urlTemplate\":\"https:\/\/i3v.citm.upc.edu\/?s={search_term_string}\"},\"query-input\":{\"@type\":\"PropertyValueSpecification\",\"valueRequired\":true,\"valueName\":\"search_term_string\"}}],\"inLanguage\":\"ca\"},{\"@type\":\"Organization\",\"@id\":\"https:\/\/i3v.citm.upc.edu\/#organization\",\"name\":\"I3V 2025\",\"url\":\"https:\/\/i3v.citm.upc.edu\/\",\"logo\":{\"@type\":\"ImageObject\",\"inLanguage\":\"ca\",\"@id\":\"https:\/\/i3v.citm.upc.edu\/#\/schema\/logo\/image\/\",\"url\":\"https:\/\/i3v.citm.upc.edu\/wp-content\/uploads\/2025\/11\/img-i3v-1.png\",\"contentUrl\":\"https:\/\/i3v.citm.upc.edu\/wp-content\/uploads\/2025\/11\/img-i3v-1.png\",\"width\":983,\"height\":495,\"caption\":\"I3V 2025\"},\"image\":{\"@id\":\"https:\/\/i3v.citm.upc.edu\/#\/schema\/logo\/image\/\"}}]}<\/script>\n<!-- \/ Yoast SEO plugin. -->","yoast_head_json":{"title":"Participaci\u00f3 - I3V 2025","description":"Segon Simposi sobre Investigaci\u00f3 a la Ind\u00fastria Indie del Videojoc - I3V 2025 - Organitzat per CITM-UPC i DiCode, es portar\u00e0 a terme el 12 de desembre de 2025.","robots":{"index":"index","follow":"follow","max-snippet":"max-snippet:-1","max-image-preview":"max-image-preview:large","max-video-preview":"max-video-preview:-1"},"canonical":"https:\/\/i3v.citm.upc.edu\/?page_id=20","og_locale":"ca_ES","og_type":"article","og_title":"Participaci\u00f3 - I3V 2025","og_description":"Segon Simposi sobre Investigaci\u00f3 a la Ind\u00fastria Indie del Videojoc - I3V 2025 - Organitzat per CITM-UPC i DiCode, es portar\u00e0 a terme el 12 de desembre de 2025.","og_url":"https:\/\/i3v.citm.upc.edu\/?page_id=20","og_site_name":"I3V 2025","article_modified_time":"2025-11-26T10:47:59+00:00","twitter_card":"summary_large_image","twitter_misc":{"Temps estimat de lectura":"3 minuts"},"schema":{"@context":"https:\/\/schema.org","@graph":[{"@type":"WebPage","@id":"https:\/\/i3v.citm.upc.edu\/?page_id=20","url":"https:\/\/i3v.citm.upc.edu\/?page_id=20","name":"Participaci\u00f3 - I3V 2025","isPartOf":{"@id":"https:\/\/i3v.citm.upc.edu\/#website"},"datePublished":"2023-04-28T08:40:59+00:00","dateModified":"2025-11-26T10:47:59+00:00","description":"Segon Simposi sobre Investigaci\u00f3 a la Ind\u00fastria Indie del Videojoc - I3V 2025 - Organitzat per CITM-UPC i DiCode, es portar\u00e0 a terme el 12 de desembre de 2025.","breadcrumb":{"@id":"https:\/\/i3v.citm.upc.edu\/?page_id=20#breadcrumb"},"inLanguage":"ca","potentialAction":[{"@type":"ReadAction","target":["https:\/\/i3v.citm.upc.edu\/?page_id=20"]}]},{"@type":"BreadcrumbList","@id":"https:\/\/i3v.citm.upc.edu\/?page_id=20#breadcrumb","itemListElement":[{"@type":"ListItem","position":1,"name":"Inici","item":"https:\/\/i3v.citm.upc.edu\/"},{"@type":"ListItem","position":2,"name":"Participaci\u00f3"}]},{"@type":"WebSite","@id":"https:\/\/i3v.citm.upc.edu\/#website","url":"https:\/\/i3v.citm.upc.edu\/","name":"I3V 2025","description":"I3V 2025 \u2013 2n Simposi sobre Investigaci\u00f3 a la Ind\u00fastria Indie del Videojoc","publisher":{"@id":"https:\/\/i3v.citm.upc.edu\/#organization"},"potentialAction":[{"@type":"SearchAction","target":{"@type":"EntryPoint","urlTemplate":"https:\/\/i3v.citm.upc.edu\/?s={search_term_string}"},"query-input":{"@type":"PropertyValueSpecification","valueRequired":true,"valueName":"search_term_string"}}],"inLanguage":"ca"},{"@type":"Organization","@id":"https:\/\/i3v.citm.upc.edu\/#organization","name":"I3V 2025","url":"https:\/\/i3v.citm.upc.edu\/","logo":{"@type":"ImageObject","inLanguage":"ca","@id":"https:\/\/i3v.citm.upc.edu\/#\/schema\/logo\/image\/","url":"https:\/\/i3v.citm.upc.edu\/wp-content\/uploads\/2025\/11\/img-i3v-1.png","contentUrl":"https:\/\/i3v.citm.upc.edu\/wp-content\/uploads\/2025\/11\/img-i3v-1.png","width":983,"height":495,"caption":"I3V 2025"},"image":{"@id":"https:\/\/i3v.citm.upc.edu\/#\/schema\/logo\/image\/"}}]}},"_links":{"self":[{"href":"https:\/\/i3v.citm.upc.edu\/index.php?rest_route=\/wp\/v2\/pages\/20","targetHints":{"allow":["GET"]}}],"collection":[{"href":"https:\/\/i3v.citm.upc.edu\/index.php?rest_route=\/wp\/v2\/pages"}],"about":[{"href":"https:\/\/i3v.citm.upc.edu\/index.php?rest_route=\/wp\/v2\/types\/page"}],"author":[{"embeddable":true,"href":"https:\/\/i3v.citm.upc.edu\/index.php?rest_route=\/wp\/v2\/users\/1"}],"replies":[{"embeddable":true,"href":"https:\/\/i3v.citm.upc.edu\/index.php?rest_route=%2Fwp%2Fv2%2Fcomments&post=20"}],"version-history":[{"count":7,"href":"https:\/\/i3v.citm.upc.edu\/index.php?rest_route=\/wp\/v2\/pages\/20\/revisions"}],"predecessor-version":[{"id":382,"href":"https:\/\/i3v.citm.upc.edu\/index.php?rest_route=\/wp\/v2\/pages\/20\/revisions\/382"}],"wp:attachment":[{"href":"https:\/\/i3v.citm.upc.edu\/index.php?rest_route=%2Fwp%2Fv2%2Fmedia&parent=20"}],"curies":[{"name":"wp","href":"https:\/\/api.w.org\/{rel}","templated":true}]}}