{"id":116,"date":"2023-04-28T10:40:59","date_gmt":"2023-04-28T08:40:59","guid":{"rendered":"https:\/\/i3v.citm.upc.edu\/?page_id=116"},"modified":"2025-12-11T20:28:12","modified_gmt":"2025-12-11T18:28:12","slug":"programa","status":"publish","type":"page","link":"https:\/\/i3v.citm.upc.edu\/?page_id=116&lang=en","title":{"rendered":"Program"},"content":{"rendered":"\n<figure class=\"wp-block-table\"><table class=\"has-fixed-layout\"><tbody><tr><td>9:00 &#8211; 9:15<\/td><td><strong><strong>Opening<\/strong><\/strong><\/td><\/tr><tr><td>9:15 &#8211; 9:45<\/td><td><strong>Keynote<\/strong><\/td><\/tr><tr><td>9:45 \u2013 10:20<\/td><td><strong>Session 1<\/strong><br><em>Historical perspectives<\/em><\/td><\/tr><tr><td>10:20 \u2013 11:15<\/td><td><strong><strong>Session<\/strong> 2<\/strong><br><em>Best practices and customisation<\/em><\/td><\/tr><tr><td>11:15 \u201311: 45<\/td><td>PAUSA<\/td><\/tr><tr><td>11:45 \u2013 12:45<\/td><td><strong><strong>Session<\/strong> 3<\/strong><br><em>Video games and education<\/em><\/td><\/tr><tr><td>12:45 \u2013 13:45<\/td><td><strong><strong>Session<\/strong> 4<\/strong><br><em>Video game aesthetics and narratives<\/em><\/td><\/tr><tr><td>13:45<\/td><td><strong>Closure<\/strong><\/td><\/tr><\/tbody><\/table><\/figure>\n\n\n\n<p><strong>List of presentations<\/strong><\/p>\n\n\n\n<p><em>Session I \u2013 <em><em>Historical perspectives<\/em><\/em><\/em>\u00a0[Chair: Maria Pag\u00e9s]<\/p>\n\n\n\n<ul class=\"wp-block-list\">\n<li>Spanish retro-indie point-and-click graphic adventures. Design and creators&#8217; discourse analysis.&nbsp;<em>[Speaker: Daniel Rissech]<\/em><\/li>\n\n\n\n<li>\u00bfIndie para qui\u00e9n? Evoluci\u00f3n y expectativas ideol\u00f3gicas en la producci\u00f3n de videojuegos independiente&nbsp;<em>[<em>Speaker<\/em>: Tom\u00e1s Grau]<\/em><\/li>\n<\/ul>\n\n\n\n<p><em><em>Session<\/em> II \u2013 <em><em>Best practices and customisation<\/em><\/em><\/em>\u00a0[Chair: Bruno Caldas]<\/p>\n\n\n\n<ul class=\"wp-block-list\">\n<li>Adapting Games To Player Taxonomy&nbsp;<em>[<em>Speaker<\/em>: Sergi Colomer]<\/em><\/li>\n\n\n\n<li>El ecosistema del videojuego contempor\u00e1neo: colaboraci\u00f3n, cultura, y estrategias de sostenibilidad en la era de la sobreoferta&nbsp;<em>[<em>Speaker<\/em>: Alfonso de la Fuente Ruiz]<\/em><\/li>\n\n\n\n<li>M\u00fasica y sonido en Super Smash Bros. Ultimate: an\u00e1lisis funcional del dise\u00f1o sonoro y su papel en la experiencia inmersiva&nbsp;<em>[<em>Speaker<\/em>: Ruth S. Contreras-Espinosa i Adrien Faure-Carvallo]<\/em><\/li>\n<\/ul>\n\n\n\n<p><em><em>Session<\/em> III \u2013 <em><em>Video games and education<\/em><\/em><\/em>\u00a0[Chair: Bea Mart\u00ednez]<\/p>\n\n\n\n<ul class=\"wp-block-list\">\n<li>Perspectivas del videojuego indie y la gamificaci\u00f3n educativa: hacia un modelo de \u201cgamificaci\u00f3n indie\u201d para el aprendizaje significativo&nbsp;<em>[<em>Speaker<\/em>: \u00c0lvaro Arias-Espinoza]<\/em><\/li>\n\n\n\n<li>Video Games in Upper Primary Education: A Competency-Based Learning Proposal Built Around Five Core Skills<em>&nbsp;[<em>Speaker<\/em>: Cristina Olivas]<\/em><\/li>\n\n\n\n<li>Independent Development of an Adaptive Educational Video Game for Learning Programming<em>&nbsp;[<em>Speaker<\/em>: Oscar Garcia Subirana, Antoni Perez-Poch i Marta Fern\u00e1ndez Ruiz]<\/em><\/li>\n<\/ul>\n\n\n\n<p><em><em>Session<\/em> IV \u2013 <em><em>Video game aesthetics and narratives<\/em><\/em><\/em>\u00a0[Chair: Tom\u00e1s Grau]<\/p>\n\n\n\n<ul class=\"wp-block-list\">\n<li>Habitar sin conquistar: Hacia un pensamiento ecol\u00f3gico en el dise\u00f1o de videojuegos&nbsp;<em>[<em><em>Speaker<\/em><\/em>: Seraf\u00edn \u00c1lvarez]<\/em><\/li>\n\n\n\n<li>Do heroines travel too or only heroes? The expiration of the \u201cHero\u2019s Journey\u201d in the field of video games<em>\u00a0[<em><em>Speaker<\/em><\/em>: Maria Pag\u00e8s]<\/em><\/li>\n<\/ul>\n\n\n\n<p><\/p>\n\n\n\n<p><\/p>\n\n\n\n<p><\/p>\n","protected":false},"excerpt":{"rendered":"<p>9:00 &#8211; 9:15 Opening 9:15 &#8211; 9:45 Keynote 9:45 \u2013 10:20 Session 1Historical perspectives 10:20 \u2013 11:15 Session 2Best practices and customisation 11:15 \u201311: 45 PAUSA 11:45 \u2013 12:45 Session 3Video games and education 12:45 \u2013 13:45 Session 4Video game aesthetics and narratives 13:45 Closure List of presentations Session I \u2013 Historical perspectives\u00a0[Chair: Maria Pag\u00e9s] &#8230; <a title=\"Program\" class=\"read-more\" href=\"https:\/\/i3v.citm.upc.edu\/?page_id=116&#038;lang=en\" aria-label=\"M\u00e9s informaci\u00f3 sobre Program\">Read more<\/a><\/p>\n","protected":false},"author":1,"featured_media":0,"parent":0,"menu_order":0,"comment_status":"closed","ping_status":"closed","template":"","meta":{"footnotes":""},"class_list":["post-116","page","type-page","status-publish"],"yoast_head":"<!-- This site is optimized with the Yoast SEO plugin v26.4 - https:\/\/yoast.com\/wordpress\/plugins\/seo\/ -->\n<title>Program - I3V 2025<\/title>\n<meta name=\"description\" content=\"Second Symposium on Research in the Indie Video Game Industry - I3V 2025 - Organised by CITM-UPC and DiCode, it will take place on 12 December 2025.\" \/>\n<meta name=\"robots\" content=\"index, follow, max-snippet:-1, max-image-preview:large, max-video-preview:-1\" \/>\n<link rel=\"canonical\" href=\"https:\/\/i3v.citm.upc.edu\/?page_id=116&lang=en\" \/>\n<meta property=\"og:locale\" content=\"ca_ES\" \/>\n<meta property=\"og:type\" content=\"article\" \/>\n<meta property=\"og:title\" content=\"Program - I3V 2025\" \/>\n<meta property=\"og:description\" content=\"Second Symposium on Research in the Indie Video Game Industry - I3V 2025 - Organised by CITM-UPC and DiCode, it will take place on 12 December 2025.\" \/>\n<meta property=\"og:url\" content=\"https:\/\/i3v.citm.upc.edu\/?page_id=116&amp;lang=en\" \/>\n<meta property=\"og:site_name\" content=\"I3V 2025\" \/>\n<meta property=\"article:modified_time\" content=\"2025-12-11T18:28:12+00:00\" \/>\n<meta name=\"twitter:card\" content=\"summary_large_image\" \/>\n<meta name=\"twitter:label1\" content=\"Temps estimat de lectura\" \/>\n\t<meta name=\"twitter:data1\" content=\"2 minuts\" \/>\n<script type=\"application\/ld+json\" class=\"yoast-schema-graph\">{\"@context\":\"https:\/\/schema.org\",\"@graph\":[{\"@type\":\"WebPage\",\"@id\":\"https:\/\/i3v.citm.upc.edu\/?page_id=116&lang=en\",\"url\":\"https:\/\/i3v.citm.upc.edu\/?page_id=116&lang=en\",\"name\":\"Program - I3V 2025\",\"isPartOf\":{\"@id\":\"https:\/\/i3v.citm.upc.edu\/#website\"},\"datePublished\":\"2023-04-28T08:40:59+00:00\",\"dateModified\":\"2025-12-11T18:28:12+00:00\",\"description\":\"Second Symposium on Research in the Indie Video Game Industry - I3V 2025 - Organised by CITM-UPC and DiCode, it will take place on 12 December 2025.\",\"breadcrumb\":{\"@id\":\"https:\/\/i3v.citm.upc.edu\/?page_id=116&lang=en#breadcrumb\"},\"inLanguage\":\"ca\",\"potentialAction\":[{\"@type\":\"ReadAction\",\"target\":[\"https:\/\/i3v.citm.upc.edu\/?page_id=116&lang=en\"]}]},{\"@type\":\"BreadcrumbList\",\"@id\":\"https:\/\/i3v.citm.upc.edu\/?page_id=116&lang=en#breadcrumb\",\"itemListElement\":[{\"@type\":\"ListItem\",\"position\":1,\"name\":\"Inici\",\"item\":\"https:\/\/i3v.citm.upc.edu\/\"},{\"@type\":\"ListItem\",\"position\":2,\"name\":\"Program\"}]},{\"@type\":\"WebSite\",\"@id\":\"https:\/\/i3v.citm.upc.edu\/#website\",\"url\":\"https:\/\/i3v.citm.upc.edu\/\",\"name\":\"I3V 2025\",\"description\":\"I3V 2025 \u2013 2n Simposi sobre Investigaci\u00f3 a la Ind\u00fastria Indie del Videojoc\",\"publisher\":{\"@id\":\"https:\/\/i3v.citm.upc.edu\/#organization\"},\"potentialAction\":[{\"@type\":\"SearchAction\",\"target\":{\"@type\":\"EntryPoint\",\"urlTemplate\":\"https:\/\/i3v.citm.upc.edu\/?s={search_term_string}\"},\"query-input\":{\"@type\":\"PropertyValueSpecification\",\"valueRequired\":true,\"valueName\":\"search_term_string\"}}],\"inLanguage\":\"ca\"},{\"@type\":\"Organization\",\"@id\":\"https:\/\/i3v.citm.upc.edu\/#organization\",\"name\":\"I3V 2025\",\"url\":\"https:\/\/i3v.citm.upc.edu\/\",\"logo\":{\"@type\":\"ImageObject\",\"inLanguage\":\"ca\",\"@id\":\"https:\/\/i3v.citm.upc.edu\/#\/schema\/logo\/image\/\",\"url\":\"https:\/\/i3v.citm.upc.edu\/wp-content\/uploads\/2025\/11\/img-i3v-1.png\",\"contentUrl\":\"https:\/\/i3v.citm.upc.edu\/wp-content\/uploads\/2025\/11\/img-i3v-1.png\",\"width\":983,\"height\":495,\"caption\":\"I3V 2025\"},\"image\":{\"@id\":\"https:\/\/i3v.citm.upc.edu\/#\/schema\/logo\/image\/\"}}]}<\/script>\n<!-- \/ Yoast SEO plugin. -->","yoast_head_json":{"title":"Program - I3V 2025","description":"Second Symposium on Research in the Indie Video Game Industry - I3V 2025 - Organised by CITM-UPC and DiCode, it will take place on 12 December 2025.","robots":{"index":"index","follow":"follow","max-snippet":"max-snippet:-1","max-image-preview":"max-image-preview:large","max-video-preview":"max-video-preview:-1"},"canonical":"https:\/\/i3v.citm.upc.edu\/?page_id=116&lang=en","og_locale":"ca_ES","og_type":"article","og_title":"Program - I3V 2025","og_description":"Second Symposium on Research in the Indie Video Game Industry - I3V 2025 - Organised by CITM-UPC and DiCode, it will take place on 12 December 2025.","og_url":"https:\/\/i3v.citm.upc.edu\/?page_id=116&lang=en","og_site_name":"I3V 2025","article_modified_time":"2025-12-11T18:28:12+00:00","twitter_card":"summary_large_image","twitter_misc":{"Temps estimat de lectura":"2 minuts"},"schema":{"@context":"https:\/\/schema.org","@graph":[{"@type":"WebPage","@id":"https:\/\/i3v.citm.upc.edu\/?page_id=116&lang=en","url":"https:\/\/i3v.citm.upc.edu\/?page_id=116&lang=en","name":"Program - I3V 2025","isPartOf":{"@id":"https:\/\/i3v.citm.upc.edu\/#website"},"datePublished":"2023-04-28T08:40:59+00:00","dateModified":"2025-12-11T18:28:12+00:00","description":"Second Symposium on Research in the Indie Video Game Industry - I3V 2025 - Organised by CITM-UPC and DiCode, it will take place on 12 December 2025.","breadcrumb":{"@id":"https:\/\/i3v.citm.upc.edu\/?page_id=116&lang=en#breadcrumb"},"inLanguage":"ca","potentialAction":[{"@type":"ReadAction","target":["https:\/\/i3v.citm.upc.edu\/?page_id=116&lang=en"]}]},{"@type":"BreadcrumbList","@id":"https:\/\/i3v.citm.upc.edu\/?page_id=116&lang=en#breadcrumb","itemListElement":[{"@type":"ListItem","position":1,"name":"Inici","item":"https:\/\/i3v.citm.upc.edu\/"},{"@type":"ListItem","position":2,"name":"Program"}]},{"@type":"WebSite","@id":"https:\/\/i3v.citm.upc.edu\/#website","url":"https:\/\/i3v.citm.upc.edu\/","name":"I3V 2025","description":"I3V 2025 \u2013 2n Simposi sobre Investigaci\u00f3 a la Ind\u00fastria Indie del Videojoc","publisher":{"@id":"https:\/\/i3v.citm.upc.edu\/#organization"},"potentialAction":[{"@type":"SearchAction","target":{"@type":"EntryPoint","urlTemplate":"https:\/\/i3v.citm.upc.edu\/?s={search_term_string}"},"query-input":{"@type":"PropertyValueSpecification","valueRequired":true,"valueName":"search_term_string"}}],"inLanguage":"ca"},{"@type":"Organization","@id":"https:\/\/i3v.citm.upc.edu\/#organization","name":"I3V 2025","url":"https:\/\/i3v.citm.upc.edu\/","logo":{"@type":"ImageObject","inLanguage":"ca","@id":"https:\/\/i3v.citm.upc.edu\/#\/schema\/logo\/image\/","url":"https:\/\/i3v.citm.upc.edu\/wp-content\/uploads\/2025\/11\/img-i3v-1.png","contentUrl":"https:\/\/i3v.citm.upc.edu\/wp-content\/uploads\/2025\/11\/img-i3v-1.png","width":983,"height":495,"caption":"I3V 2025"},"image":{"@id":"https:\/\/i3v.citm.upc.edu\/#\/schema\/logo\/image\/"}}]}},"_links":{"self":[{"href":"https:\/\/i3v.citm.upc.edu\/index.php?rest_route=\/wp\/v2\/pages\/116","targetHints":{"allow":["GET"]}}],"collection":[{"href":"https:\/\/i3v.citm.upc.edu\/index.php?rest_route=\/wp\/v2\/pages"}],"about":[{"href":"https:\/\/i3v.citm.upc.edu\/index.php?rest_route=\/wp\/v2\/types\/page"}],"author":[{"embeddable":true,"href":"https:\/\/i3v.citm.upc.edu\/index.php?rest_route=\/wp\/v2\/users\/1"}],"replies":[{"embeddable":true,"href":"https:\/\/i3v.citm.upc.edu\/index.php?rest_route=%2Fwp%2Fv2%2Fcomments&post=116"}],"version-history":[{"count":13,"href":"https:\/\/i3v.citm.upc.edu\/index.php?rest_route=\/wp\/v2\/pages\/116\/revisions"}],"predecessor-version":[{"id":519,"href":"https:\/\/i3v.citm.upc.edu\/index.php?rest_route=\/wp\/v2\/pages\/116\/revisions\/519"}],"wp:attachment":[{"href":"https:\/\/i3v.citm.upc.edu\/index.php?rest_route=%2Fwp%2Fv2%2Fmedia&parent=116"}],"curies":[{"name":"wp","href":"https:\/\/api.w.org\/{rel}","templated":true}]}}